{"id":294,"date":"2022-04-12T20:42:24","date_gmt":"2022-04-12T18:42:24","guid":{"rendered":"https:\/\/zielinet.com\/pl\/?post_type=product&#038;p=294"},"modified":"2024-01-04T11:55:17","modified_gmt":"2024-01-04T10:55:17","slug":"wirtualny-sekretariat-pl-10","status":"publish","type":"product","link":"https:\/\/zielinet.com\/pl\/produkt\/wirtualny-sekretariat-pl-10\/","title":{"rendered":"Wirtualny sekretariat PL-10h"},"content":{"rendered":"<p>Wirtualny sekretariat to us\u0142uga polegaj\u0105ca na zdalnej obs\u0142udze wydzielonych proces\u00f3w biznesowych klienta zwi\u0105zanych z administracyjn\u0105 obs\u0142ug\u0105 firmy.<\/p>\n<ul>\n<li><a href=\"#czynnosci\">Zakres czynno\u015bci<\/a><\/li>\n<li><a href=\"#jezyk\">J\u0119zyk obs\u0142ugi<\/a><\/li>\n<li><a href=\"#pakiet\">Us\u0142ugi zawarte w pakiecie<\/a><\/li>\n<li><a href=\"#dostepnosc\">Czas dost\u0119pno\u015bci us\u0142ugi<\/a><\/li>\n<li><a href=\"#rozliczenie\">Rozliczenie czasu wykonywania us\u0142ugi<\/a><\/li>\n<li><a href=\"#czas\">Czas pracy wirtualnego sekretariatu zawarty w abonamencie<\/a><\/li>\n<\/ul>\n<h2><a name=\"czynnosci\">Zakres czynno\u015bci<\/a><\/h2>\n<ul>\n<li> odbieranie telefon\u00f3w od klient\u00f3w<\/li>\n<li>prowadzenie kalendarza spotka\u0144<\/li>\n<li>umawianie wizyt i spotka\u0144 biznesowych<\/li>\n<li>obs\u0142uga korespondencji elektronicznej<\/li>\n<li>dokonywanie rezerwacji<\/li>\n<li>wyszukiwanie informacji w internecie<\/li>\n<li>przygotowywanie prostych pism, wniosk\u00f3w i zestawie\u0144<\/li>\n<li>wysy\u0142anie ofert i przyjmowanie zam\u00f3wie\u0144<\/li>\n<li>koordynowanie przep\u0142ywem informacji firmowych<\/li>\n<\/ul>\n<h2><a name=\"jezyk\">J\u0119zyk obs\u0142ugi<\/a><\/h2>\n<p>J\u0119zyk polski<\/p>\n<h2><a name=\"pakiet\">Us\u0142ugi zawarte w  pakiecie<\/a><\/h2>\n<p>W ramach us\u0142ugi klient otrzymuje:<\/p>\n<ul>\n<li>stacjonarny numer telefonu, kt\u00f3ry mo\u017ce by\u0107 publikowany w internecie, drukowany na wizyt\u00f3wkach i przekazywany klientom. Na ten numer b\u0119d\u0105 mog\u0142y by\u0107 przekierowywane po\u0142\u0105czenia przekazywane do obs\u0142ugi <\/li>\n<li>Komunikat powitalny dla po\u0142\u0105cze\u0144 telefonicznych oraz firmow\u0105 poczt\u0119 g\u0142osow\u0105 dost\u0119pn\u0105 poza czasem pracy wirtualnego sekretariatu<\/li>\n<li>dedykowan\u0105 skrzynk\u0119 e-mail w domenie clients.zielinet.com <\/li>\n<li>dost\u0119p do nagra\u0144 przeprowadzonych rozm\u00f3w<\/li>\n<li>dost\u0119p do systemu zarz\u0105dzania projektami gdzie b\u0119dzie rejestrowany aktywny czas pracy wirtualnego sekretariatu<\/li>\n<\/ul>\n<h2><a name=\"dostepnosc\">Czas dost\u0119pno\u015bci us\u0142ugi<\/a><\/h2>\n<p>Us\u0142uga jest dost\u0119pna w dni robocze od poniedzia\u0142ku do pi\u0105tku w godzinach od 8:00 do 17:00<\/p>\n<h2><a name=\"rozliczenie\">Rozliczenie czasu wykonywania us\u0142ugi<\/a><\/h2>\n<p>Op\u0142ata abonamentowa obejmuje jedynie faktyczny czas wykonywania zleconych czynno\u015bci. Klient nie ponosi koszt\u00f3w dost\u0119pno\u015bci wirtualnych asystentek w czasie dost\u0119pno\u015bci us\u0142ugi. Czas wykonywania czynno\u015bci rejestrowany jest w systemie zarz\u0105dzania projektami.<\/p>\n<h2><a name=\"czas\">Czas pracy wirtualnego sekretariatu zawarty w abonamencie<\/a><\/h2>\n<p>Pakiet abonamentowy obejmuje do 10 godzin aktywnej pracy wirtualnego sekretariatu w miesi\u0105cu.<\/p>\n","protected":false},"excerpt":{"rendered":"<p>Wirtualny sekretariat to us\u0142uga polegaj\u0105ca na obs\u0142udze wydzielonych czynno\u015bci lub proces\u00f3w biznesowych z obszaru czynno\u015bci asystenckich lub administracyjnej obs\u0142ugi firmy. Polega w szczeg\u00f3lno\u015bci na obs\u0142udze komunikacji z klientami, prowadzeniu kalendarza, wyszukiwaniu i zarz\u0105dzaniu informacj\u0105. Klient p\u0142aci wy\u0142\u0105cznie za czas aktywnego wykonywania zleconych czynno\u015bci. Klient nie ponosi koszt\u00f3w dost\u0119pno\u015bci asystentek w czasie dost\u0119pno\u015bci us\u0142ugi. Us\u0142uga jest realizowana w dni robocze od poniedzia\u0142ku do pi\u0105tku w godzinach od 8:00 do 17:00.<br \/>\nPakiet zawiera do 10 godzin aktywnego wykonywania czynno\u015bci zleconych.<\/p>\n","protected":false},"featured_media":0,"comment_status":"open","ping_status":"closed","template":"","meta":[],"product_brand":[],"product_cat":[34],"product_tag":[33],"class_list":{"0":"post-294","1":"product","2":"type-product","3":"status-publish","5":"product_cat-zdalna-obsluga-klienta","6":"product_tag-wirtualny-sekretariat","8":"first","9":"instock","10":"virtual","11":"taxable","12":"purchasable","13":"product-type-simple"},"_links":{"self":[{"href":"https:\/\/zielinet.com\/pl\/wp-json\/wp\/v2\/product\/294","targetHints":{"allow":["GET"]}}],"collection":[{"href":"https:\/\/zielinet.com\/pl\/wp-json\/wp\/v2\/product"}],"about":[{"href":"https:\/\/zielinet.com\/pl\/wp-json\/wp\/v2\/types\/product"}],"replies":[{"embeddable":true,"href":"https:\/\/zielinet.com\/pl\/wp-json\/wp\/v2\/comments?post=294"}],"wp:attachment":[{"href":"https:\/\/zielinet.com\/pl\/wp-json\/wp\/v2\/media?parent=294"}],"wp:term":[{"taxonomy":"product_brand","embeddable":true,"href":"https:\/\/zielinet.com\/pl\/wp-json\/wp\/v2\/product_brand?post=294"},{"taxonomy":"product_cat","embeddable":true,"href":"https:\/\/zielinet.com\/pl\/wp-json\/wp\/v2\/product_cat?post=294"},{"taxonomy":"product_tag","embeddable":true,"href":"https:\/\/zielinet.com\/pl\/wp-json\/wp\/v2\/product_tag?post=294"}],"curies":[{"name":"wp","href":"https:\/\/api.w.org\/{rel}","templated":true}]}}