{"id":286,"date":"2022-04-08T15:56:55","date_gmt":"2022-04-08T13:56:55","guid":{"rendered":"https:\/\/zielinet.com\/pl\/?post_type=product&#038;p=286"},"modified":"2022-04-14T00:29:23","modified_gmt":"2022-04-13T22:29:23","slug":"transkrypcja-audio-pl-120","status":"publish","type":"product","link":"https:\/\/zielinet.com\/pl\/produkt\/transkrypcja-audio-pl-120\/","title":{"rendered":"Transkrypcja audio PL-120M"},"content":{"rendered":"<p>Pakiet abonamentowy na us\u0142ugi transkrypcji nagra\u0144 cyfrowych z plik\u00f3w audio i video do formatu dokumentu tekstowego.<\/p>\n<p>Nasze transkrypcje standardowo obejmuj\u0105 stemple czasowe dla ka\u017cdej wypowiedzi oraz identyfikacj\u0119 rozm\u00f3wc\u00f3w.<\/p>\n<ul>\n<li><a href=\"#kategorie\">Kategorie nagra\u0144<\/a><\/li>\n<li><a href=\"#czas-realizacji\">Czas realizacji<\/a><\/li>\n<li><a href=\"#jezyk\">J\u0119zyk transkrypcji<\/a><\/li>\n<li><a href=\"#nagranie\">Maksymalna d\u0142ugo\u015b\u0107 nagrania<\/a><\/li>\n<li><a href=\"#waznosc\">Czas wa\u017cno\u015bci pakietu<\/a><\/li>\n<\/ul>\n<h2><a name=\"kategorie\">Kategorie nagra\u0144<\/a><\/h2>\n<p>Dokonujemy transkrypcji nast\u0119puj\u0105cych rodzaj\u00f3w materia\u0142\u00f3w:<\/p>\n<ol>\n<li>nagrania s\u0105dowe<\/li>\n<ul>\n<li>rozprawy s\u0105dowe<\/li>\n<li>nagrania b\u0119d\u0105ce dowodem w sprawie<\/li>\n<\/ul>\n<li>nagrania urz\u0119dowe<\/li>\n<ul>\n<li>posiedzenia organ\u00f3w w\u0142adz samorz\u0105dowych<\/li>\n<li>wizje lokalne<\/li>\n<\/ul>\n<li>nagrania z bada\u0144 naukowych<\/li>\n<ul>\n<li>wywiady TDI<\/li>\n<li>wywiady IDI<\/li>\n<li>wywiady FGI<\/li>\n<\/ul>\n<li>materia\u0142y dziennikarskie<\/li>\n<li>nagrania edukacyjne i szkoleniowe<\/li>\n<ul>\n<li>podcasty<\/li>\n<li>szkolenia<\/li>\n<li>wyk\u0142ady<\/li>\n<li>webinaria<\/li>\n<li>konferencje<\/li>\n<\/ul>\n<p>nagrania spo\u0142eczno\u015bciowe<\/p>\n<ul>\n<li>filmy youtube<\/li>\n<li>filmy facebook<\/li>\n<li>filmy twitter<\/li>\n<\/ul>\n<li>nagrania prywatne<\/li>\n<ul>\n<li>notatki g\u0142osowe<\/li>\n<li>kazania<\/li>\n<li>nagrania prywatnych rozm\u00f3w<\/li>\n<\/ul>\n<\/ol>\n<h2><a name=\"czas-realizacji\">Czas realizacji<\/a><\/h2>\n<p>Realizacja w kolejnym dniu roboczym nast\u0119puj\u0105cym po dniu przekazania nagrania.<\/p>\n<h2><a name=\"jezyk\">J\u0119zyk transkrypcji<\/a><\/h2>\n<p>J\u0119zyk polski<\/p>\n<h2><a name=\"#nagranie\">Maksymalna d\u0142ugo\u015b\u0107 nagrania<\/a><\/h2>\n<p>Maksymalny \u0142\u0105czny czas przekazanych nagra\u0144 w okresie rozliczeniowym to 120 minut.<\/p>\n<h2><a name=\"waznosc\">Czas wa\u017cno\u015bci pakietu<\/h2>\n<p>30 dni od dnia zakupu.<\/p>\n","protected":false},"excerpt":{"rendered":"<p>Pakiet abonamentowy miesi\u0119czny na wykonywanie us\u0142ug transkrypcji nagra\u0144 audio w j\u0119zyku polskim w \u0142\u0105cznej ilo\u015bci do 120 minut czasu nagrania.<br \/>\nCzas wa\u017cno\u015bci pakietu: 30 dni od dnia zakupu<br \/>\nPakiet uprawnia do sk\u0142adania zam\u00f3wie\u0144 na wykonanie transkrypcji w j\u0119zyku polskim z terminem realizacji w kolejnym dniu roboczym od z\u0142o\u017cenia kompletnego zam\u00f3wienia na us\u0142ug\u0119. Klient jest uprawniony do sk\u0142adania zam\u00f3wie\u0144 do ostatniego dnia wa\u017cno\u015bci pakietu. \u0141\u0105czna d\u0142ugo\u015b\u0107 nagra\u0144 przekazanych do transkrypcji nie mo\u017ce przekroczy\u0107 120 minut.<\/p>\n","protected":false},"featured_media":0,"comment_status":"open","ping_status":"closed","template":"","meta":[],"product_brand":[],"product_cat":[31],"product_tag":[32],"class_list":{"0":"post-286","1":"product","2":"type-product","3":"status-publish","5":"product_cat-uslugi-zaplecza-biurowego","6":"product_tag-transkrypcje","8":"first","9":"instock","10":"virtual","11":"taxable","12":"purchasable","13":"product-type-simple"},"_links":{"self":[{"href":"https:\/\/zielinet.com\/pl\/wp-json\/wp\/v2\/product\/286","targetHints":{"allow":["GET"]}}],"collection":[{"href":"https:\/\/zielinet.com\/pl\/wp-json\/wp\/v2\/product"}],"about":[{"href":"https:\/\/zielinet.com\/pl\/wp-json\/wp\/v2\/types\/product"}],"replies":[{"embeddable":true,"href":"https:\/\/zielinet.com\/pl\/wp-json\/wp\/v2\/comments?post=286"}],"wp:attachment":[{"href":"https:\/\/zielinet.com\/pl\/wp-json\/wp\/v2\/media?parent=286"}],"wp:term":[{"taxonomy":"product_brand","embeddable":true,"href":"https:\/\/zielinet.com\/pl\/wp-json\/wp\/v2\/product_brand?post=286"},{"taxonomy":"product_cat","embeddable":true,"href":"https:\/\/zielinet.com\/pl\/wp-json\/wp\/v2\/product_cat?post=286"},{"taxonomy":"product_tag","embeddable":true,"href":"https:\/\/zielinet.com\/pl\/wp-json\/wp\/v2\/product_tag?post=286"}],"curies":[{"name":"wp","href":"https:\/\/api.w.org\/{rel}","templated":true}]}}