{"id":92,"date":"2022-02-03T12:53:32","date_gmt":"2022-02-03T11:53:32","guid":{"rendered":"https:\/\/zielinet.com\/pl\/?page_id=92"},"modified":"2025-11-18T19:51:49","modified_gmt":"2025-11-18T18:51:49","slug":"kariera","status":"publish","type":"page","link":"https:\/\/zielinet.com\/pl\/kariera\/","title":{"rendered":"Kariera"},"content":{"rendered":"\n<p>Kariera zawodowa w Zielinet to ci\u0105g\u0142e doskonalenie oparte na zdobywaniu wiedzy, systematycznej pracy i do\u015bwiadczeniu. <\/p>\n\n\n\n<p>Zesp\u00f3\u0142 ZIELINET to osoby ambitne i zaanga\u017cowane w realizacj\u0119 cel\u00f3w grupowych, posiadaj\u0105ce umiej\u0119tno\u015b\u0107 wsp\u00f3\u0142pracy w grupie, lubi\u0105cy kontakt z innymi lud\u017ami oraz otwarci na nowe wyzwania, a tak\u017ce gotowi do ci\u0105g\u0142ego rozwijania swych umiej\u0119tno\u015bci i kompetencji. Posiadanie tych cech sprawia, \u017ce niezale\u017cnie od wieku, p\u0142ci, zainteresowa\u0144, przekona\u0144 i pogl\u0105d\u00f3w jeste\u015bmy w stanie efektywnie ze sob\u0105 wsp\u00f3\u0142pracowa\u0107 dla realizacji za\u0142o\u017conych cel\u00f3w. <\/p>\n\n\n\n<p>Nowym cz\u0142onkom naszego zespo\u0142u zapewniamy wsparcie dedykowanego opiekuna oraz niezb\u0119dne szkolenia. Oferujemy zar\u00f3wno zatrudnienie w oparciu o umow\u0119 o prac\u0119 jak i inne elastyczne formy zatrudnienia. Nasz system wynagrodze\u0144 ma charakter motywacyjny. Oparty jest o sta\u0142\u0105 podstaw\u0119 wynagrodzenia oraz 2-stopniowy system premiowania.<\/p>\n\n\n\n<p>Nasi pracownicy otrzymuj\u0105 dost\u0119p do najnowszych rozwi\u0105za\u0144 technologicznych zapewniaj\u0105cych efektywn\u0105 realizacj\u0119 powierzonych zada\u0144.<\/p>\n\n\n\n<h3 class=\"wp-block-heading\">Aktualne oferty pracy<\/h3>\n\n\n\n<ul class=\"wp-block-list\"><li><a href=\"https:\/\/zielinet.com\/pl\/kariera\/specjalista-do-spraw-marketingu-bezposredniego\/\">Specjalista ds. marketingu bezpo\u015bredniego<\/a><\/li><\/ul>\n\n\n\n<p>Je\u017celi kt\u00f3ra\u015b z powy\u017cszych ofert jest dla Ciebie interesuj\u0105ca i chcesz do\u0142\u0105czy\u0107 do naszego zespo\u0142u wype\u0142nij poni\u017cszy formularz aplikacyjny. <\/p>\n\n\n\n<div class=\"wpcf7 no-js\" id=\"wpcf7-f87-o1\" lang=\"pl-PL\" dir=\"ltr\" data-wpcf7-id=\"87\">\n<div class=\"screen-reader-response\"><p role=\"status\" aria-live=\"polite\" aria-atomic=\"true\"><\/p> <ul><\/ul><\/div>\n<form action=\"\/pl\/wp-json\/wp\/v2\/pages\/92#wpcf7-f87-o1\" method=\"post\" class=\"wpcf7-form init\" aria-label=\"Formularz kontaktowy\" enctype=\"multipart\/form-data\" novalidate=\"novalidate\" data-status=\"init\">\n<fieldset class=\"hidden-fields-container\"><input type=\"hidden\" name=\"_wpcf7\" value=\"87\" \/><input type=\"hidden\" name=\"_wpcf7_version\" value=\"6.1.5\" \/><input type=\"hidden\" name=\"_wpcf7_locale\" value=\"pl_PL\" \/><input type=\"hidden\" name=\"_wpcf7_unit_tag\" value=\"wpcf7-f87-o1\" \/><input type=\"hidden\" name=\"_wpcf7_container_post\" value=\"0\" \/><input type=\"hidden\" name=\"_wpcf7_posted_data_hash\" value=\"\" \/><input type=\"hidden\" name=\"_wpcf7_recaptcha_response\" value=\"\" \/>\n<\/fieldset>\n<label1> Na jakie stanowisko chcesz aplikowa\u0107:\n\t<p><span class=\"wpcf7-form-control-wrap\" data-name=\"Stanowisko\"><select class=\"wpcf7-form-control wpcf7-select wpcf7-validates-as-required\" aria-required=\"true\" aria-invalid=\"false\" name=\"Stanowisko\"><option value=\"\">&#8212;Prosz\u0119 wybra\u0107 opcj\u0119&#8212;<\/option><option value=\"specjalista\/specjalistka ds. marketingu bezpo\u015bredniego\">specjalista\/specjalistka ds. marketingu bezpo\u015bredniego<\/option><\/select><\/span><br \/>\n\t\t<label2> Twoje imi\u0119:\n<span class=\"wpcf7-form-control-wrap\" data-name=\"Imie\"><input size=\"40\" maxlength=\"400\" class=\"wpcf7-form-control wpcf7-text wpcf7-validates-as-required\" aria-required=\"true\" aria-invalid=\"false\" value=\"\" type=\"text\" name=\"Imie\" \/><\/span>\n\t\t\t<label3> Twoje nazwisko:\n<span class=\"wpcf7-form-control-wrap\" data-name=\"Nazwisko\"><input size=\"40\" maxlength=\"400\" class=\"wpcf7-form-control wpcf7-text wpcf7-validates-as-required\" aria-required=\"true\" aria-invalid=\"false\" value=\"\" type=\"text\" name=\"Nazwisko\" \/><\/span>\n\t\t\t\t<label4> Numer telefonu:\n<span class=\"wpcf7-form-control-wrap\" data-name=\"Telefon\"><input size=\"40\" maxlength=\"400\" class=\"wpcf7-form-control wpcf7-tel wpcf7-validates-as-required wpcf7-text wpcf7-validates-as-tel\" aria-required=\"true\" aria-invalid=\"false\" placeholder=\"+48xxxxxxxxx\" value=\"\" type=\"tel\" name=\"Telefon\" \/><\/span>\n\t\t\t\t\t<label5> Tw\u00f3j adres e-mail:\n<span class=\"wpcf7-form-control-wrap\" data-name=\"e-mail\"><input size=\"40\" maxlength=\"400\" class=\"wpcf7-form-control wpcf7-email wpcf7-validates-as-required wpcf7-text wpcf7-validates-as-email\" aria-required=\"true\" aria-invalid=\"false\" value=\"\" type=\"email\" name=\"e-mail\" \/><\/span>\n\t\t\t\t\t\t<label6> Rodzaj wykszta\u0142cenia:\n<span class=\"wpcf7-form-control-wrap\" data-name=\"Wyksztacenie\"><select class=\"wpcf7-form-control wpcf7-select wpcf7-validates-as-required\" aria-required=\"true\" aria-invalid=\"false\" name=\"Wyksztacenie\"><option value=\"\">&#8212;Prosz\u0119 wybra\u0107 opcj\u0119&#8212;<\/option><option value=\"bez wykszta\u0142cenia\">bez wykszta\u0142cenia<\/option><option value=\"podstawowe\">podstawowe<\/option><option value=\"zawodowe\">zawodowe<\/option><option value=\"\u015brednie\">\u015brednie<\/option><option value=\"\u015brednie techniczne\">\u015brednie techniczne<\/option><option value=\"policealne\">policealne<\/option><option value=\"licencjackie\">licencjackie<\/option><option value=\"magisterskie\">magisterskie<\/option><option value=\"doktorskie\">doktorskie<\/option><\/select><\/span>\n\t\t\t\t\t\t\t<label7> Znajomo\u015b\u0107 j\u0119zyk\u00f3w obcych:\n<span class=\"wpcf7-form-control-wrap\" data-name=\"Jezykiobce\"><select class=\"wpcf7-form-control wpcf7-select\" aria-invalid=\"false\" multiple=\"multiple\" name=\"Jezykiobce[]\"><option value=\"\">&#8212;Prosz\u0119 wybra\u0107 opcj\u0119&#8212;<\/option><option value=\"angielski\">angielski<\/option><option value=\"bia\u0142oruski\">bia\u0142oruski<\/option><option value=\"czeski\">czeski<\/option><option value=\"du\u0144ski\">du\u0144ski<\/option><option value=\"francuski\">francuski<\/option><option value=\"hiszpa\u0144ski\">hiszpa\u0144ski<\/option><option value=\"litewski\">litewski<\/option><option value=\"niderlandzki\">niderlandzki<\/option><option value=\"niemiecki\">niemiecki<\/option><option value=\"rumu\u0144ski\">rumu\u0144ski<\/option><option value=\"s\u0142owacki\">s\u0142owacki<\/option><option value=\"ukrai\u0144ski\">ukrai\u0144ski<\/option><option value=\"w\u0142oski\">w\u0142oski<\/option><\/select><\/span>\n\t\t\t\t\t\t\t\t<label8> Do\u015bwiadczenie zawodowe na podobnym stanowisku:\n<span class=\"wpcf7-form-control-wrap\" data-name=\"doswiadczeniezawodowe\"><select class=\"wpcf7-form-control wpcf7-select\" aria-invalid=\"false\" name=\"doswiadczeniezawodowe\"><option value=\"\">&#8212;Prosz\u0119 wybra\u0107 opcj\u0119&#8212;<\/option><option value=\"do 6 miesi\u0119cy\">do 6 miesi\u0119cy<\/option><option value=\"od 6 miesi\u0119cy do 2 lat\">od 6 miesi\u0119cy do 2 lat<\/option><option value=\"od 2 do 5 lat\">od 2 do 5 lat<\/option><option value=\"powy\u017cej 5 lat\">powy\u017cej 5 lat<\/option><\/select><\/span>\n\t\t\t\t\t\t\t\t\t<label9> Twoje CV:\n<span class=\"wpcf7-form-control-wrap\" data-name=\"CV\"><input size=\"40\" class=\"wpcf7-form-control wpcf7-file wpcf7-validates-as-required\" accept=\".pdf,.docx\" aria-required=\"true\" aria-invalid=\"false\" type=\"file\" name=\"CV\" \/><\/span>\n<span class=\"wpcf7-form-control-wrap\" data-name=\"Zgoda1\"><span class=\"wpcf7-form-control wpcf7-acceptance\"><span class=\"wpcf7-list-item\"><label><input type=\"checkbox\" name=\"Zgoda1\" value=\"1\" aria-invalid=\"false\" \/><span class=\"wpcf7-list-item-label\">Zgadzam si\u0119 na przetwarzanie przez firm\u0119 Zielinet z siedzib\u0105 przy Al. Jana Paw\u0142a II 27, 00-867 Warszawa moich danych osobowych zawartych w moim CV lub w innych dokumentach do\u0142\u0105czonych do mojego CV dla cel\u00f3w prowadzenia rekrutacji na stanowisko wskazane w og\u0142oszeniu rekrutacyjnym.<\/span><\/label><\/span><\/span><\/span>\n<span class=\"wpcf7-form-control-wrap\" data-name=\"Zgoda2\"><span class=\"wpcf7-form-control wpcf7-acceptance\"><span class=\"wpcf7-list-item\"><label><input type=\"checkbox\" name=\"Zgoda2\" value=\"1\" aria-invalid=\"false\" \/><span class=\"wpcf7-list-item-label\">Zgadzam si\u0119 na przetwarzanie przez firm\u0119 Zielinet z siedzib\u0105 przy Al. jana Paw\u0142a II 27, 00-867 Warszawa danych osobowych zawartych w moim zg\u0142oszeniu rekrutacyjnym dla cel\u00f3w przysz\u0142ych rekrutacji.<\/span><\/label><\/span><\/span><\/span>\n<span class=\"wpcf7-form-control-wrap\" data-name=\"Zgoda3\"><span class=\"wpcf7-form-control wpcf7-acceptance optional\"><span class=\"wpcf7-list-item\"><label><input type=\"checkbox\" name=\"Zgoda3\" value=\"1\" aria-invalid=\"false\" \/><span class=\"wpcf7-list-item-label\">Zgadzam si\u0119 na przetwarzanie przez firm\u0119 Zielinet z siedzib\u0105 przy Al. Jana Paw\u0142a II 27, 00-867 Warszawa moich danych osobowych dost\u0119pnych w og\u00f3lnodost\u0119pnych \u017ar\u00f3d\u0142ach takich jak portale spo\u0142eczno\u015bciowe i inne serwisy internetowe dla cel\u00f3w realizacji procesu rekrutacji na aplikowane stanowisko pracy.<\/span><\/label><\/span><\/span><\/span>\n<span class=\"wpcf7-form-control-wrap\" data-name=\"Zgoda4\"><span class=\"wpcf7-form-control wpcf7-acceptance optional\"><span class=\"wpcf7-list-item\"><label><input type=\"checkbox\" name=\"Zgoda4\" value=\"1\" aria-invalid=\"false\" \/><span class=\"wpcf7-list-item-label\">Zgadzam si\u0119 na przetwarzanie przez firm\u0119 Zielinet z siedzib\u0105 przy Al. Jana Paw\u0142a II 27, 00-867 Warszawa moich danych osobowych zawartych w moim zg\u0142oszeniu rekrutacyjnym dla cel\u00f3w weryfikacji u podmiot\u00f3w trzecich informacji zawartych w moich dokumentach rekrutacyjnych oraz przetwarzanie przez firm\u0119 Zielinet\u00a0 moich danych osobowych pozyskanych od tych podmiot\u00f3w dla cel\u00f3w rekrutacji na aplikowane stanowisko pracy.<\/span><\/label><\/span><\/span><\/span>\n\n<input class=\"wpcf7-form-control wpcf7-submit has-spinner\" type=\"submit\" value=\"Wy\u015blij\" \/>\n\t\t\t\t\t\t\t\t\t<\/label9>\n\t\t\t\t\t\t\t\t<\/label8>\n\t\t\t\t\t\t\t<\/label7>\n\t\t\t\t\t\t<\/label6>\n\t\t\t\t\t<\/label5>\n\t\t\t\t<\/label4>\n\t\t\t<\/label3>\n\t\t<\/label2>\n\t<\/p>\n<\/label1><p style=\"display: none !important;\" class=\"akismet-fields-container\" data-prefix=\"_wpcf7_ak_\"><label>&#916;<textarea name=\"_wpcf7_ak_hp_textarea\" cols=\"45\" rows=\"8\" maxlength=\"100\"><\/textarea><\/label><input type=\"hidden\" id=\"ak_js_1\" name=\"_wpcf7_ak_js\" value=\"41\"\/><script>document.getElementById( \"ak_js_1\" ).setAttribute( \"value\", ( new Date() ).getTime() );<\/script><\/p><div class=\"wpcf7-response-output\" aria-hidden=\"true\"><\/div>\n<\/form>\n<\/div>\n","protected":false},"excerpt":{"rendered":"<p>Kariera zawodowa w Zielinet to ci\u0105g\u0142e doskonalenie oparte na zdobywaniu wiedzy, systematycznej pracy i do\u015bwiadczeniu. Zesp\u00f3\u0142 ZIELINET to osoby ambitne i zaanga\u017cowane w realizacj\u0119 cel\u00f3w grupowych, posiadaj\u0105ce umiej\u0119tno\u015b\u0107 wsp\u00f3\u0142pracy w grupie, lubi\u0105cy kontakt z innymi lud\u017ami oraz otwarci na nowe wyzwania, a tak\u017ce gotowi do ci\u0105g\u0142ego rozwijania swych umiej\u0119tno\u015bci i kompetencji. Posiadanie tych cech sprawia, [&hellip;]<\/p>\n","protected":false},"author":1,"featured_media":0,"parent":0,"menu_order":6,"comment_status":"closed","ping_status":"closed","template":"","meta":{"footnotes":""},"class_list":["post-92","page","type-page","status-publish","hentry"],"_links":{"self":[{"href":"https:\/\/zielinet.com\/pl\/wp-json\/wp\/v2\/pages\/92","targetHints":{"allow":["GET"]}}],"collection":[{"href":"https:\/\/zielinet.com\/pl\/wp-json\/wp\/v2\/pages"}],"about":[{"href":"https:\/\/zielinet.com\/pl\/wp-json\/wp\/v2\/types\/page"}],"author":[{"embeddable":true,"href":"https:\/\/zielinet.com\/pl\/wp-json\/wp\/v2\/users\/1"}],"replies":[{"embeddable":true,"href":"https:\/\/zielinet.com\/pl\/wp-json\/wp\/v2\/comments?post=92"}],"version-history":[{"count":3,"href":"https:\/\/zielinet.com\/pl\/wp-json\/wp\/v2\/pages\/92\/revisions"}],"predecessor-version":[{"id":593,"href":"https:\/\/zielinet.com\/pl\/wp-json\/wp\/v2\/pages\/92\/revisions\/593"}],"wp:attachment":[{"href":"https:\/\/zielinet.com\/pl\/wp-json\/wp\/v2\/media?parent=92"}],"curies":[{"name":"wp","href":"https:\/\/api.w.org\/{rel}","templated":true}]}}