{"id":88,"date":"2022-02-03T11:41:47","date_gmt":"2022-02-03T10:41:47","guid":{"rendered":"https:\/\/zielinet.com\/pl\/?page_id=88"},"modified":"2022-02-03T13:38:29","modified_gmt":"2022-02-03T12:38:29","slug":"specjalista-do-spraw-marketingu-bezposredniego","status":"publish","type":"page","link":"https:\/\/zielinet.com\/pl\/kariera\/specjalista-do-spraw-marketingu-bezposredniego\/","title":{"rendered":"Specjalista do spraw marketingu bezpo\u015bredniego"},"content":{"rendered":"\n<p>Aktualnie poszukujemy os\u00f3b zainteresowanych do\u0142\u0105czeniem do naszego zespo\u0142u na stanowisku specjalista do spraw marketingu bezpo\u015bredniego. <\/p>\n\n\n\n<navi>\n<ul class=\"wp-block-list\">\n<li><a href=\"https:\/\/zielinet.com\/pl\/kariera\/specjalista-do-spraw-marketingu-bezposredniego\/#kogo-szukamy\">Kogo szukamy?<\/a><\/li>\n<li><a href=\"https:\/\/zielinet.com\/pl\/kariera\/specjalista-do-spraw-marketingu-bezposredniego\/#oczekiwania\">Czego oczekujemy?<\/a><\/li>\n<li><a href=\"https:\/\/zielinet.com\/pl\/kariera\/specjalista-do-spraw-marketingu-bezposredniego\/#wymagania\">Wymagane umiej\u0119tno\u015bci<\/a><\/li>\n<li><a href=\"https:\/\/zielinet.com\/pl\/kariera\/specjalista-do-spraw-marketingu-bezposredniego\/#wymagania-dodatkowe\">Wymagania dodatkowe<\/a><\/li>\n<li><a href=\"https:\/\/zielinet.com\/pl\/kariera\/specjalista-do-spraw-marketingu-bezposredniego\/#oferujemy\">Co oferujemy?<\/a><\/li>\n<li><a href=\"https:\/\/zielinet.com\/pl\/kariera\/specjalista-do-spraw-marketingu-bezposredniego\/#obowiazki\">Zakres obowi\u0105zk\u00f3w<\/a><\/li>\n<\/ul>\n<\/navi>\n\n\n\n<h3 class=\"wp-block-heading\"><a name=\"kogo-szukamy\">Kogo szukamy?<\/a><\/h3>\n\n\n\n<p>Poszukujemy profesjonalist\u00f3w chc\u0105cych rozwija\u0107 si\u0119 w obszarze marketingu bezpo\u015bredniego, budowania trwa\u0142ych relacji z klientem oraz bada\u0144 potencja\u0142u marki na rynkach mi\u0119dzynarodowych.<\/p>\n\n\n\n<h3 class=\"wp-block-heading\"><a name=\"oczekiwania\">Czego oczekujemy?<\/a><\/h3>\n\n\n\n<p>Oferowana praca jest prac\u0105 zdaln\u0105 wykonywan\u0105 z domu na w\u0142asnym sprz\u0119cie komputerowym. <\/p>\n\n\n\n<h3 class=\"wp-block-heading\"><a name=\"wymagania\">Wymagania stawiane kandydatom:<\/a><\/h3>\n\n\n\n<ul class=\"wp-block-list\"><li>minimum 2-letnie do\u015bwiadczenie w bezpo\u015brednim kontakcie z klientem<\/li><li>umiej\u0119tno\u015bci analityczne<\/li><li>ukierunkowanie na realizacj\u0119 cel\u00f3w<\/li><li>dobra dykcja<\/li><li>komunikatywno\u015b\u0107<\/li><li>umiej\u0119tno\u015b\u0107 rozmowy z lud\u017ami <\/li><li>dobra organizacja pracy w\u0142asnej<\/li><li>sumienno\u015b\u0107 i punktualno\u015b\u0107 <\/li><li>asertywno\u015b\u0107 i odporno\u015b\u0107 na sytuacje stresowe<\/li><li>umiej\u0119tno\u015b\u0107 obs\u0142ugi systemu Windows oraz pakietu Microsoft Office <\/li><li>znajomo\u015b\u0107 j\u0119zyka angielskiego w mowie i pi\u015bmie (warunek konieczny). Mile widziana znajomo\u015b\u0107 drugiego j\u0119zyka obcego. <\/li><li>mile widziana znajomo\u015b\u0107 bran\u017cy IT lub sektora przedsi\u0119biorstw produkcyjnych<\/li><\/ul>\n\n\n\n<h3 class=\"wp-block-heading\"><a name=\"wymagania-dodatkowe\">Wymagania dodatkowe<\/a><\/h3>\n\n\n\n<ol class=\"wp-block-list\">\n<li>Posiadanie poprawnie skonfigurowanego i zabezpieczonego oprogramowaniem antywirusowym oraz zapor\u0105 ogniow\u0105 komputera klasy PC dzia\u0142aj\u0105cego pod kontrol\u0105 systemu operacyjnego Windows 10. Zalecamy posiadanie komputera wyposa\u017conego w procesor o minimum 2 rdzeniach i pami\u0119\u0107 operacyjn\u0105 o minimalnej pojemno\u015bci 4GB<\/li>\n<li>Posiadanie aktywnego kablowego \u0142\u0105cza internetowego o efektywnej przepustowo\u015bci \u0142\u0105cza przypadaj\u0105cej na stanowisko pracy nie mniejszej ni\u017c 1 mb\/s. Pracownik nie b\u0119dzie uprawniony do korzystania dla cel\u00f3w \u015bwiadczenia pracy na rzecz firmy ZIELINET z publicznych, og\u00f3lnodost\u0119pnych i nie zabezpieczonych sieci dost\u0119pu do internetu. <\/li>\n<li>Posiadanie certyfikowanych dla potrzeb telefonii internetowej s\u0142uchawek komputerowych z mikrofonem. <\/li>\n<li>Stanowisko komputerowe powinno znajdowa\u0107 si\u0119 w wydzielonym pomieszczeniu zapewniaj\u0105cym nieskr\u0119powane i poufne prowadzenie rozm\u00f3w telefonicznych<\/li>\n<li>Pracownik powinien dysponowa\u0107 wy\u0142\u0105cznym prawem do korzystania ze sprz\u0119tu komputerowego, na kt\u00f3rym \u015bwiadczone b\u0119d\u0105 us\u0142ugi na rzecz firmy ZIELINET<\/li>\n<li>Wymagamy dyspozycyjno\u015bci pracownika minimum 20 godzin tygodniowo w dni robocze od poniedzia\u0142ku do pi\u0105tku w godzinach 8-16<\/li>\n<\/ol>\n\n\n\n<h3 class=\"wp-block-heading\"><a name=\"oferujemy\">Oferujemy:<\/a><\/h3>\n\n\n\n<ul class=\"wp-block-list\"><li>Wynagrodzenie dwusk\u0142adnikowe: podstawa + premia za wyniki<\/li><li>dost\u0119p do najnowszych technologii informatycznych takich jak systemy chmurowe (cloud computing), wirtualne maszyny, nowoczesne rozwi\u0105zania telekomunikacyjne (telefonia voip), aplikacje biurowe (Ms Office 365), systemy CRM i HCM, intranet<\/li><li>przyjazn\u0105 atmosfer\u0119 pracy<\/li><li>elastyczny czas pracy<\/li><li>sta\u0142e wsparcie lidera zespo\u0142u<\/li><li>szkolenia i wsparcie techniczne<\/li><li>mo\u017cliwo\u015b\u0107 rozwoju zawodowego<\/li><\/ul>\n\n\n\n<h3 class=\"wp-block-heading\"><a name=\"obowiazki\">Obowi\u0105zki pracownika na oferowanym stanowisku<\/a><\/h3>\n\n\n\n<ul class=\"wp-block-list\"><li>koordynowanie i bezpo\u015brednia obs\u0142uga projekt\u00f3w marketingu bezpo\u015bredniego na rynkach mi\u0119dzynarodowych<\/li><li>nawi\u0105zywanie kontakt\u00f3w telefonicznych z potencjalnymi klientami<\/li><li>dbanie o pozytywny wizerunek firmy<\/li><li>aktualizacja bazy danych kontaktowych klient\u00f3w<\/li><li>nawi\u0105zywanie i rozwijanie wsp\u00f3\u0142pracy z klientami<\/li><li>przedstawianie oferty handlowej<\/li><li>generowanie lead\u00f3w<\/li><li>wsparcie procesu sprzeda\u017cy i obs\u0142ugi klienta<\/li><li>umawianie spotka\u0144 handlowych<\/li><li>udzielanie informacji przez telefon oraz w formie elektronicznej<\/li><li>przeprowadzanie bada\u0144 rynku metodami wywiadu telefonicznego i elektronicznego<\/li><\/ul>\n","protected":false},"excerpt":{"rendered":"<p>Aktualnie poszukujemy os\u00f3b zainteresowanych do\u0142\u0105czeniem do naszego zespo\u0142u na stanowisku specjalista do spraw marketingu bezpo\u015bredniego. Kogo szukamy? Czego oczekujemy? Wymagane umiej\u0119tno\u015bci Wymagania dodatkowe Co oferujemy? Zakres obowi\u0105zk\u00f3w Kogo szukamy? Poszukujemy profesjonalist\u00f3w chc\u0105cych rozwija\u0107 si\u0119 w obszarze marketingu bezpo\u015bredniego, budowania trwa\u0142ych relacji z klientem oraz bada\u0144 potencja\u0142u marki na rynkach mi\u0119dzynarodowych. Czego oczekujemy? Oferowana praca jest [&hellip;]<\/p>\n","protected":false},"author":1,"featured_media":0,"parent":92,"menu_order":1,"comment_status":"closed","ping_status":"closed","template":"","meta":{"footnotes":""},"class_list":["post-88","page","type-page","status-publish","hentry"],"_links":{"self":[{"href":"https:\/\/zielinet.com\/pl\/wp-json\/wp\/v2\/pages\/88","targetHints":{"allow":["GET"]}}],"collection":[{"href":"https:\/\/zielinet.com\/pl\/wp-json\/wp\/v2\/pages"}],"about":[{"href":"https:\/\/zielinet.com\/pl\/wp-json\/wp\/v2\/types\/page"}],"author":[{"embeddable":true,"href":"https:\/\/zielinet.com\/pl\/wp-json\/wp\/v2\/users\/1"}],"replies":[{"embeddable":true,"href":"https:\/\/zielinet.com\/pl\/wp-json\/wp\/v2\/comments?post=88"}],"version-history":[{"count":4,"href":"https:\/\/zielinet.com\/pl\/wp-json\/wp\/v2\/pages\/88\/revisions"}],"predecessor-version":[{"id":98,"href":"https:\/\/zielinet.com\/pl\/wp-json\/wp\/v2\/pages\/88\/revisions\/98"}],"up":[{"embeddable":true,"href":"https:\/\/zielinet.com\/pl\/wp-json\/wp\/v2\/pages\/92"}],"wp:attachment":[{"href":"https:\/\/zielinet.com\/pl\/wp-json\/wp\/v2\/media?parent=88"}],"curies":[{"name":"wp","href":"https:\/\/api.w.org\/{rel}","templated":true}]}}