{"id":67,"date":"2022-02-02T14:53:59","date_gmt":"2022-02-02T13:53:59","guid":{"rendered":"https:\/\/zielinet.com\/pl\/?page_id=67"},"modified":"2025-11-18T19:48:35","modified_gmt":"2025-11-18T18:48:35","slug":"technologie","status":"publish","type":"page","link":"https:\/\/zielinet.com\/pl\/technologie\/","title":{"rendered":"Technologie"},"content":{"rendered":"<h2>Nasz Ekosystem Technologiczny: Si\u0142a Strategicznych Partnerstw<\/h2>\n<p>Wierzymy w technologiczny pragmatyzm. Zamiast tworzy\u0107 w\u0142asne, zamkni\u0119te systemy, integrujemy najlepsze na rynku, wyspecjalizowane narz\u0119dzia, aby zbudowa\u0107 dla Ciebie najskuteczniejszy silnik wzrostu. <\/p>\n<h3>dmsales.com<\/h3>\n<p>Platforma dmsales.com to serce naszych dzia\u0142a\u0144 w zakresie generowania lead\u00f3w B2B. Dzi\u0119ki strategicznemu partnerstwu mamy dost\u0119p do jednej z najwi\u0119kszych i najdok\u0142adniejszych baz danych firm w Polsce. Pozwala nam to na precyzyjne targetowanie kampanii, identyfikacj\u0119 decydent\u00f3w i skuteczne docieranie do Twoich idealnych klient\u00f3w. <\/p>\n<p><a href=\"https:\/\/pp.dmsales.com\/zielinet\" target=\"_blank\" rel=\"noopener\">Za\u0142\u00f3\u017c konto w dmsales.com<\/a><\/p>\n<h3>Peoplefone<\/h3>\n<p>Peoplefone to nasz strategiczny partner w zakresie nowoczesnej telekomunikacji VoIP. Dzi\u0119ki ich globalnej infrastrukturze jeste\u015bmy w stanie w ci\u0105gu kilku dni uruchomi\u0107 dla naszych klient\u00f3w wirtualne centrale 3CX, numery stacjonarne z dowolnego kraju UE, a tak\u017ce zaawansowane rozwi\u0105zania typu SIP Trunk. To niezawodno\u015b\u0107 i elastyczno\u015b\u0107, kt\u00f3rej wymaga nowoczesny biznes.<\/p>\n","protected":false},"excerpt":{"rendered":"<p>Nasz Ekosystem Technologiczny: Si\u0142a Strategicznych Partnerstw Wierzymy w technologiczny pragmatyzm. Zamiast tworzy\u0107 w\u0142asne, zamkni\u0119te systemy, integrujemy najlepsze na rynku, wyspecjalizowane narz\u0119dzia, aby zbudowa\u0107 dla Ciebie najskuteczniejszy silnik wzrostu. dmsales.com Platforma dmsales.com to serce naszych dzia\u0142a\u0144 w zakresie generowania lead\u00f3w B2B. Dzi\u0119ki strategicznemu partnerstwu mamy dost\u0119p do jednej z najwi\u0119kszych i najdok\u0142adniejszych baz danych firm w [&hellip;]<\/p>\n","protected":false},"author":1,"featured_media":0,"parent":0,"menu_order":4,"comment_status":"closed","ping_status":"closed","template":"","meta":{"footnotes":""},"class_list":["post-67","page","type-page","status-publish","hentry"],"_links":{"self":[{"href":"https:\/\/zielinet.com\/pl\/wp-json\/wp\/v2\/pages\/67","targetHints":{"allow":["GET"]}}],"collection":[{"href":"https:\/\/zielinet.com\/pl\/wp-json\/wp\/v2\/pages"}],"about":[{"href":"https:\/\/zielinet.com\/pl\/wp-json\/wp\/v2\/types\/page"}],"author":[{"embeddable":true,"href":"https:\/\/zielinet.com\/pl\/wp-json\/wp\/v2\/users\/1"}],"replies":[{"embeddable":true,"href":"https:\/\/zielinet.com\/pl\/wp-json\/wp\/v2\/comments?post=67"}],"version-history":[{"count":3,"href":"https:\/\/zielinet.com\/pl\/wp-json\/wp\/v2\/pages\/67\/revisions"}],"predecessor-version":[{"id":592,"href":"https:\/\/zielinet.com\/pl\/wp-json\/wp\/v2\/pages\/67\/revisions\/592"}],"wp:attachment":[{"href":"https:\/\/zielinet.com\/pl\/wp-json\/wp\/v2\/media?parent=67"}],"curies":[{"name":"wp","href":"https:\/\/api.w.org\/{rel}","templated":true}]}}