{"id":607,"date":"2025-11-25T18:05:29","date_gmt":"2025-11-25T17:05:29","guid":{"rendered":"https:\/\/zielinet.com\/pl\/?page_id=607"},"modified":"2025-11-25T18:05:32","modified_gmt":"2025-11-25T17:05:32","slug":"pakiet-partner-strategiczny","status":"publish","type":"page","link":"https:\/\/zielinet.com\/pl\/rozwiazania\/pakiet-partner-strategiczny\/","title":{"rendered":"Pakiet PARTNER STRATEGICZNY"},"content":{"rendered":"<p>Pe\u0142en outsourcing i optymalizacja proces\u00f3w sprzeda\u017cy i obs\u0142ugi klienta. <\/p>\n<h2>Dla kogo?<\/h2>\n<p>Dla du\u017cych organizacji i firm w fazie dynamicznego wzrostu, kt\u00f3re poszukuj\u0105 strategicznego partnera do kompleksowego zarz\u0105dzania kontaktem z klientem. <\/p>\n<h2>G\u0142\u00f3wne Komponenty<\/h2>\n<ul>\n<li>Dedykowany zesp\u00f3\u0142 z Team Leaderem<\/li>\n<li>Pe\u0142na integracja z systemami Klienta (CRM, ERP)<\/li>\n<li>Zaawansowane raportowanie i analityka<\/li>\n<\/ul>\n","protected":false},"excerpt":{"rendered":"<p>Pe\u0142en outsourcing i optymalizacja proces\u00f3w sprzeda\u017cy i obs\u0142ugi klienta. Dla kogo? Dla du\u017cych organizacji i firm w fazie dynamicznego wzrostu, kt\u00f3re poszukuj\u0105 strategicznego partnera do kompleksowego zarz\u0105dzania kontaktem z klientem. G\u0142\u00f3wne Komponenty Dedykowany zesp\u00f3\u0142 z Team Leaderem Pe\u0142na integracja z systemami Klienta (CRM, ERP) Zaawansowane raportowanie i analityka<\/p>\n","protected":false},"author":1,"featured_media":0,"parent":586,"menu_order":3,"comment_status":"closed","ping_status":"closed","template":"","meta":{"footnotes":""},"class_list":["post-607","page","type-page","status-publish","hentry"],"_links":{"self":[{"href":"https:\/\/zielinet.com\/pl\/wp-json\/wp\/v2\/pages\/607","targetHints":{"allow":["GET"]}}],"collection":[{"href":"https:\/\/zielinet.com\/pl\/wp-json\/wp\/v2\/pages"}],"about":[{"href":"https:\/\/zielinet.com\/pl\/wp-json\/wp\/v2\/types\/page"}],"author":[{"embeddable":true,"href":"https:\/\/zielinet.com\/pl\/wp-json\/wp\/v2\/users\/1"}],"replies":[{"embeddable":true,"href":"https:\/\/zielinet.com\/pl\/wp-json\/wp\/v2\/comments?post=607"}],"version-history":[{"count":2,"href":"https:\/\/zielinet.com\/pl\/wp-json\/wp\/v2\/pages\/607\/revisions"}],"predecessor-version":[{"id":609,"href":"https:\/\/zielinet.com\/pl\/wp-json\/wp\/v2\/pages\/607\/revisions\/609"}],"up":[{"embeddable":true,"href":"https:\/\/zielinet.com\/pl\/wp-json\/wp\/v2\/pages\/586"}],"wp:attachment":[{"href":"https:\/\/zielinet.com\/pl\/wp-json\/wp\/v2\/media?parent=607"}],"curies":[{"name":"wp","href":"https:\/\/api.w.org\/{rel}","templated":true}]}}