{"id":604,"date":"2025-11-25T17:59:27","date_gmt":"2025-11-25T16:59:27","guid":{"rendered":"https:\/\/zielinet.com\/pl\/?page_id=604"},"modified":"2025-11-25T17:59:30","modified_gmt":"2025-11-25T16:59:30","slug":"pakiet-profesjonalny-wzrost","status":"publish","type":"page","link":"https:\/\/zielinet.com\/pl\/rozwiazania\/pakiet-profesjonalny-wzrost\/","title":{"rendered":"Pakiet PROFESJONALNY WZROST"},"content":{"rendered":"<p>Zbuduj skalowalny, wielokana\u0142owy dzia\u0142 obs\u0142ugi klienta i sprzeda\u017cy. <\/p>\n<h2>Dla kogo? <\/h2>\n<p>Dla firm, kt\u00f3re potrzebuj\u0105 zintegrowanego wsparcia w obs\u0142udze klienta i procesach sprzeda\u017cowych w wielu kana\u0142ach (telefon, e-mail, czat). <\/p>\n<h2>G\u0142\u00f3wne Komponenty <\/h2>\n<ul>\n<li>Dedykowany zesp\u00f3\u0142 ZIELINET (SDR &#038; Customer Service) <\/li>\n<li>Zintegrowana centrala 3CX od Peoplefone <\/li>\n<li>Dost\u0119p do bazy B2B dmsales.com <\/li>\n<\/ul>\n","protected":false},"excerpt":{"rendered":"<p>Zbuduj skalowalny, wielokana\u0142owy dzia\u0142 obs\u0142ugi klienta i sprzeda\u017cy. Dla kogo? Dla firm, kt\u00f3re potrzebuj\u0105 zintegrowanego wsparcia w obs\u0142udze klienta i procesach sprzeda\u017cowych w wielu kana\u0142ach (telefon, e-mail, czat). G\u0142\u00f3wne Komponenty Dedykowany zesp\u00f3\u0142 ZIELINET (SDR &#038; Customer Service) Zintegrowana centrala 3CX od Peoplefone Dost\u0119p do bazy B2B dmsales.com<\/p>\n","protected":false},"author":1,"featured_media":0,"parent":586,"menu_order":2,"comment_status":"closed","ping_status":"closed","template":"","meta":{"footnotes":""},"class_list":["post-604","page","type-page","status-publish","hentry"],"_links":{"self":[{"href":"https:\/\/zielinet.com\/pl\/wp-json\/wp\/v2\/pages\/604","targetHints":{"allow":["GET"]}}],"collection":[{"href":"https:\/\/zielinet.com\/pl\/wp-json\/wp\/v2\/pages"}],"about":[{"href":"https:\/\/zielinet.com\/pl\/wp-json\/wp\/v2\/types\/page"}],"author":[{"embeddable":true,"href":"https:\/\/zielinet.com\/pl\/wp-json\/wp\/v2\/users\/1"}],"replies":[{"embeddable":true,"href":"https:\/\/zielinet.com\/pl\/wp-json\/wp\/v2\/comments?post=604"}],"version-history":[{"count":2,"href":"https:\/\/zielinet.com\/pl\/wp-json\/wp\/v2\/pages\/604\/revisions"}],"predecessor-version":[{"id":606,"href":"https:\/\/zielinet.com\/pl\/wp-json\/wp\/v2\/pages\/604\/revisions\/606"}],"up":[{"embeddable":true,"href":"https:\/\/zielinet.com\/pl\/wp-json\/wp\/v2\/pages\/586"}],"wp:attachment":[{"href":"https:\/\/zielinet.com\/pl\/wp-json\/wp\/v2\/media?parent=604"}],"curies":[{"name":"wp","href":"https:\/\/api.w.org\/{rel}","templated":true}]}}