{"id":600,"date":"2025-11-25T17:52:09","date_gmt":"2025-11-25T16:52:09","guid":{"rendered":"https:\/\/zielinet.com\/pl\/?page_id=600"},"modified":"2025-11-25T17:56:49","modified_gmt":"2025-11-25T16:56:49","slug":"pakiet-starter-b2b","status":"publish","type":"page","link":"https:\/\/zielinet.com\/pl\/rozwiazania\/pakiet-starter-b2b\/","title":{"rendered":"Pakiet STARTER B2B"},"content":{"rendered":"<p>Uruchom profesjonalny outbound w 30 dni bez koszt\u00f3w rekrutacji i budowy w\u0142asnego zespo\u0142u. <\/p>\n<h2>Dla kogo?<\/h2>\n<p>Dla startup\u00f3w, ma\u0142ych firm oraz przedsi\u0119biorstw, kt\u00f3re chc\u0105 profesjonalnie uruchomi\u0107 dzia\u0142ania sprzeda\u017cowe typu outbound bez konieczno\u015bci budowania w\u0142asnego dzia\u0142u od zera. <\/p>\n<h2>G\u0142\u00f3wne Komponenty<\/h2>\n<ul>\n<li>Zesp\u00f3\u0142 ZIELINET (part-time SDR)<\/li>\n<li>Dost\u0119p do platformy dmsales.com (plan &#8220;Plus&#8221;)<\/li>\n<li>Infrastruktura telekomunikacyjna (numery VoIP od Peoplefone)<\/li>\n<\/ul>\n","protected":false},"excerpt":{"rendered":"<p>Uruchom profesjonalny outbound w 30 dni bez koszt\u00f3w rekrutacji i budowy w\u0142asnego zespo\u0142u. Dla kogo? Dla startup\u00f3w, ma\u0142ych firm oraz przedsi\u0119biorstw, kt\u00f3re chc\u0105 profesjonalnie uruchomi\u0107 dzia\u0142ania sprzeda\u017cowe typu outbound bez konieczno\u015bci budowania w\u0142asnego dzia\u0142u od zera. G\u0142\u00f3wne Komponenty Zesp\u00f3\u0142 ZIELINET (part-time SDR) Dost\u0119p do platformy dmsales.com (plan &#8220;Plus&#8221;) Infrastruktura telekomunikacyjna (numery VoIP od Peoplefone)<\/p>\n","protected":false},"author":1,"featured_media":0,"parent":586,"menu_order":1,"comment_status":"closed","ping_status":"closed","template":"","meta":{"footnotes":""},"class_list":["post-600","page","type-page","status-publish","hentry"],"_links":{"self":[{"href":"https:\/\/zielinet.com\/pl\/wp-json\/wp\/v2\/pages\/600","targetHints":{"allow":["GET"]}}],"collection":[{"href":"https:\/\/zielinet.com\/pl\/wp-json\/wp\/v2\/pages"}],"about":[{"href":"https:\/\/zielinet.com\/pl\/wp-json\/wp\/v2\/types\/page"}],"author":[{"embeddable":true,"href":"https:\/\/zielinet.com\/pl\/wp-json\/wp\/v2\/users\/1"}],"replies":[{"embeddable":true,"href":"https:\/\/zielinet.com\/pl\/wp-json\/wp\/v2\/comments?post=600"}],"version-history":[{"count":2,"href":"https:\/\/zielinet.com\/pl\/wp-json\/wp\/v2\/pages\/600\/revisions"}],"predecessor-version":[{"id":603,"href":"https:\/\/zielinet.com\/pl\/wp-json\/wp\/v2\/pages\/600\/revisions\/603"}],"up":[{"embeddable":true,"href":"https:\/\/zielinet.com\/pl\/wp-json\/wp\/v2\/pages\/586"}],"wp:attachment":[{"href":"https:\/\/zielinet.com\/pl\/wp-json\/wp\/v2\/media?parent=600"}],"curies":[{"name":"wp","href":"https:\/\/api.w.org\/{rel}","templated":true}]}}