{"id":586,"date":"2025-11-18T19:28:11","date_gmt":"2025-11-18T18:28:11","guid":{"rendered":"https:\/\/zielinet.com\/pl\/?page_id=586"},"modified":"2025-11-18T19:28:14","modified_gmt":"2025-11-18T18:28:14","slug":"rozwiazania","status":"publish","type":"page","link":"https:\/\/zielinet.com\/pl\/rozwiazania\/","title":{"rendered":"Rozwi\u0105zania"},"content":{"rendered":"<h3>STARTER B2B<\/h3>\n<p>Uruchom profesjonalny outbound w 30 dni bez koszt\u00f3w rekrutacji i budowy w\u0142asnego zespo\u0142u. <\/p>\n<h3>PROFESJONALNY WZROST<\/h3>\n<p>Zbuduj skalowalny, wielokana\u0142owy dzia\u0142 obs\u0142ugi klienta i sprzeda\u017cy. <\/p>\n<h3>PARTNER STRATEGICZNY<\/h3>\n<p>Pe\u0142en outsourcing i optymalizacja proces\u00f3w sprzeda\u017cy i obs\u0142ugi klienta. <\/p>\n","protected":false},"excerpt":{"rendered":"<p>STARTER B2B Uruchom profesjonalny outbound w 30 dni bez koszt\u00f3w rekrutacji i budowy w\u0142asnego zespo\u0142u. PROFESJONALNY WZROST Zbuduj skalowalny, wielokana\u0142owy dzia\u0142 obs\u0142ugi klienta i sprzeda\u017cy. PARTNER STRATEGICZNY Pe\u0142en outsourcing i optymalizacja proces\u00f3w sprzeda\u017cy i obs\u0142ugi klienta.<\/p>\n","protected":false},"author":1,"featured_media":0,"parent":0,"menu_order":2,"comment_status":"closed","ping_status":"closed","template":"","meta":{"footnotes":""},"class_list":["post-586","page","type-page","status-publish","hentry"],"_links":{"self":[{"href":"https:\/\/zielinet.com\/pl\/wp-json\/wp\/v2\/pages\/586","targetHints":{"allow":["GET"]}}],"collection":[{"href":"https:\/\/zielinet.com\/pl\/wp-json\/wp\/v2\/pages"}],"about":[{"href":"https:\/\/zielinet.com\/pl\/wp-json\/wp\/v2\/types\/page"}],"author":[{"embeddable":true,"href":"https:\/\/zielinet.com\/pl\/wp-json\/wp\/v2\/users\/1"}],"replies":[{"embeddable":true,"href":"https:\/\/zielinet.com\/pl\/wp-json\/wp\/v2\/comments?post=586"}],"version-history":[{"count":2,"href":"https:\/\/zielinet.com\/pl\/wp-json\/wp\/v2\/pages\/586\/revisions"}],"predecessor-version":[{"id":588,"href":"https:\/\/zielinet.com\/pl\/wp-json\/wp\/v2\/pages\/586\/revisions\/588"}],"wp:attachment":[{"href":"https:\/\/zielinet.com\/pl\/wp-json\/wp\/v2\/media?parent=586"}],"curies":[{"name":"wp","href":"https:\/\/api.w.org\/{rel}","templated":true}]}}