{"id":58,"date":"2022-02-02T13:14:03","date_gmt":"2022-02-02T12:14:03","guid":{"rendered":"https:\/\/zielinet.com\/pl\/?page_id=58"},"modified":"2022-03-10T11:14:26","modified_gmt":"2022-03-10T10:14:26","slug":"nasze-wartosci","status":"publish","type":"page","link":"https:\/\/zielinet.com\/pl\/o-firmie\/nasze-wartosci\/","title":{"rendered":"Nasze warto\u015bci"},"content":{"rendered":"\n<navi>\n<ul class=\"wp-block-list\">\n<li><a href=\"https:\/\/zielinet.com\/pl\/o-firmie\/nasze-wartosci\/#uczciwosc\">uczciwo\u015b\u0107<\/a><\/li>\n<li><a href=\"https:\/\/zielinet.com\/pl\/o-firmie\/nasze-wartosci\/#rzetelnosc\">rzetelno\u015b\u0107<\/a><\/li>\n<li><a href=\"https:\/\/zielinet.com\/pl\/o-firmie\/nasze-wartosci\/#profesjonalizm\">profesjonalizm<\/a><\/li>\n<li><a href=\"https:\/\/zielinet.com\/pl\/o-firmie\/nasze-wartosci\/#progress\">ustawiczny rozw\u00f3j<\/a><\/li>\n<li><a href=\"https:\/\/zielinet.com\/pl\/o-firmie\/nasze-wartosci\/#equality\">r\u00f3wne traktowanie<\/a><\/li>\n<\/ul>\n<\/navi>\n\n\n\n<h3 class=\"wp-block-heading\"><a name=\"uczciwosc\">uczciwo\u015b\u0107<\/a><\/h3>\n\n\n\n<p>Nasz\u0105 nadrz\u0119dn\u0105 zasad\u0105 jest uczciwo\u015b\u0107 w kontakcie z klientem. W naszym przekonaniu realizacja cel\u00f3w sprzeda\u017cowych nie mo\u017ce wi\u0105za\u0107 si\u0119 ze \u015bwiadomym wprowadzaniem w b\u0142\u0105d klienta. Nie podejmujemy si\u0119 realizacji projekt\u00f3w, kt\u00f3re zak\u0142adaj\u0105 realizacj\u0119 nieuczciwych praktyk sprzeda\u017cowych. W kontaktach z naszymi kontrahentami jasno i precyzyjnie przedstawiamy warunki wsp\u00f3\u0142pracy bez ukrytych op\u0142at i stosowania klauzul niedozwolonych.<\/p>\n\n\n\n<h3 class=\"wp-block-heading\"><a name=\"rzetelnosc\">rzetelno\u015b\u0107<\/a><\/h3>\n\n\n\n<p>Precyzyjnie przygotowujemy si\u0119 do ka\u017cdego realizowanego projektu. Dotrzymujemy termin\u00f3w i skrupulatnie informujemy naszych Zleceniodawc\u00f3w o podj\u0119tych dzia\u0142aniach. Projektuj\u0105c ka\u017cd\u0105 now\u0105 kampani\u0119 realnie oceniamy mo\u017cliwo\u015bci realizacji zak\u0142adanych cel\u00f3w.<\/p>\n\n\n\n<h3 class=\"wp-block-heading\"><a name=\"profesjonalizm\">profesjonalizm<\/a><\/h3>\n\n\n\n<p>Przy realizacji ka\u017cdego projektu dok\u0142adamy wszelkich stara\u0144 dla zapewnienia zgodno\u015bci podejmowanych dzia\u0142a\u0144 z normami powszechnie obowi\u0105zuj\u0105cego prawa oraz standardami bran\u017cowymi.<\/p>\n\n\n\n<h3 class=\"wp-block-heading\"><a name=\"progress\">ustawiczny rozw\u00f3j<\/a><\/h3>\n\n\n\n<p>Stale rozwijamy nasze kompetencje z zakresu obs\u0142ugi klienta wdra\u017caj\u0105c standardy jako\u015bci oraz nowe rozwi\u0105zania technologiczne s\u0142u\u017c\u0105ce budowaniu satysfakcji klienta. <\/p>\n\n\n\n<h3 class=\"wp-block-heading\"><a name=\"equality\">r\u00f3wne traktowanie<\/a><\/h3>\n\n\n\n<p>Naszym pracownikom zapewniamy pe\u0142ne poszanowanie ich praw z uwzgl\u0119dnieniem zasad r\u00f3wnego traktowania. Oferujemy zatrudnienie w elastycznym czasie pracy, tak\u017ce w formie telepracy z uwzgl\u0119dieniem zasady work-life balance.<\/p>\n","protected":false},"excerpt":{"rendered":"<p>uczciwo\u015b\u0107 rzetelno\u015b\u0107 profesjonalizm ustawiczny rozw\u00f3j r\u00f3wne traktowanie uczciwo\u015b\u0107 Nasz\u0105 nadrz\u0119dn\u0105 zasad\u0105 jest uczciwo\u015b\u0107 w kontakcie z klientem. W naszym przekonaniu realizacja cel\u00f3w sprzeda\u017cowych nie mo\u017ce wi\u0105za\u0107 si\u0119 ze \u015bwiadomym wprowadzaniem w b\u0142\u0105d klienta. Nie podejmujemy si\u0119 realizacji projekt\u00f3w, kt\u00f3re zak\u0142adaj\u0105 realizacj\u0119 nieuczciwych praktyk sprzeda\u017cowych. W kontaktach z naszymi kontrahentami jasno i precyzyjnie przedstawiamy warunki wsp\u00f3\u0142pracy [&hellip;]<\/p>\n","protected":false},"author":1,"featured_media":0,"parent":51,"menu_order":2,"comment_status":"closed","ping_status":"closed","template":"","meta":{"footnotes":""},"class_list":["post-58","page","type-page","status-publish","hentry"],"_links":{"self":[{"href":"https:\/\/zielinet.com\/pl\/wp-json\/wp\/v2\/pages\/58","targetHints":{"allow":["GET"]}}],"collection":[{"href":"https:\/\/zielinet.com\/pl\/wp-json\/wp\/v2\/pages"}],"about":[{"href":"https:\/\/zielinet.com\/pl\/wp-json\/wp\/v2\/types\/page"}],"author":[{"embeddable":true,"href":"https:\/\/zielinet.com\/pl\/wp-json\/wp\/v2\/users\/1"}],"replies":[{"embeddable":true,"href":"https:\/\/zielinet.com\/pl\/wp-json\/wp\/v2\/comments?post=58"}],"version-history":[{"count":6,"href":"https:\/\/zielinet.com\/pl\/wp-json\/wp\/v2\/pages\/58\/revisions"}],"predecessor-version":[{"id":219,"href":"https:\/\/zielinet.com\/pl\/wp-json\/wp\/v2\/pages\/58\/revisions\/219"}],"up":[{"embeddable":true,"href":"https:\/\/zielinet.com\/pl\/wp-json\/wp\/v2\/pages\/51"}],"wp:attachment":[{"href":"https:\/\/zielinet.com\/pl\/wp-json\/wp\/v2\/media?parent=58"}],"curies":[{"name":"wp","href":"https:\/\/api.w.org\/{rel}","templated":true}]}}