{"id":55,"date":"2022-02-02T12:35:13","date_gmt":"2022-02-02T11:35:13","guid":{"rendered":"https:\/\/zielinet.com\/pl\/?page_id=55"},"modified":"2022-02-02T17:44:31","modified_gmt":"2022-02-02T16:44:31","slug":"misja-i-wizja","status":"publish","type":"page","link":"https:\/\/zielinet.com\/pl\/o-firmie\/misja-i-wizja\/","title":{"rendered":"Misja i wizja"},"content":{"rendered":"<p>Misj\u0105 Zielinet jest dostarczanie profesjonalnych us\u0142ug biznesowych buduj\u0105cych warto\u015b\u0107 marki klienta poprzez zapewnianie pozytywnych do\u015bwiadcze\u0144 odbiorc\u00f3w towar\u00f3w i us\u0142ug w oparciu o optymalnie zaprojektowane i efektywnie zarz\u0105dzane procesy biznesowe z obszaru marketingu i sprzeda\u017cy on-line oraz wielokana\u0142owej obs\u0142ugi klienta.<\/p>\n<p>Zielinet to innowacyjna firma \u015bwiadcz\u0105ca wysokiej jako\u015bci us\u0142ugi biznesowe z obszaru marketingu bezpo\u015bredniego, wsparcia sprzeda\u017cy na odleg\u0142o\u015b\u0107 oraz wielokana\u0142owej obs\u0142ugi klienta. Dzia\u0142alno\u015b\u0107 Zielinet opiera si\u0119 na 3 filarach: profesjonalnej kadrze, najnowszych rozwi\u0105zaniach IT i efektywnie zarz\u0105dzanych procesach obs\u0142ugi klienta. Us\u0142ugi Zielinet realizowane s\u0105 z poszanowaniem przepis\u00f3w obowi\u0105zuj\u0105cego prawa oraz bran\u017cowych kodeks\u00f3w i zasad etycznych.<\/p>\n","protected":false},"excerpt":{"rendered":"<p>Misj\u0105 Zielinet jest dostarczanie profesjonalnych us\u0142ug biznesowych buduj\u0105cych warto\u015b\u0107 marki klienta poprzez zapewnianie pozytywnych do\u015bwiadcze\u0144 odbiorc\u00f3w towar\u00f3w i us\u0142ug w oparciu o optymalnie zaprojektowane i efektywnie zarz\u0105dzane procesy biznesowe z obszaru marketingu i sprzeda\u017cy on-line oraz wielokana\u0142owej obs\u0142ugi klienta. Zielinet to innowacyjna firma \u015bwiadcz\u0105ca wysokiej jako\u015bci us\u0142ugi biznesowe z obszaru marketingu bezpo\u015bredniego, wsparcia sprzeda\u017cy na [&hellip;]<\/p>\n","protected":false},"author":1,"featured_media":0,"parent":51,"menu_order":1,"comment_status":"closed","ping_status":"closed","template":"","meta":{"footnotes":""},"class_list":["post-55","page","type-page","status-publish","hentry"],"_links":{"self":[{"href":"https:\/\/zielinet.com\/pl\/wp-json\/wp\/v2\/pages\/55","targetHints":{"allow":["GET"]}}],"collection":[{"href":"https:\/\/zielinet.com\/pl\/wp-json\/wp\/v2\/pages"}],"about":[{"href":"https:\/\/zielinet.com\/pl\/wp-json\/wp\/v2\/types\/page"}],"author":[{"embeddable":true,"href":"https:\/\/zielinet.com\/pl\/wp-json\/wp\/v2\/users\/1"}],"replies":[{"embeddable":true,"href":"https:\/\/zielinet.com\/pl\/wp-json\/wp\/v2\/comments?post=55"}],"version-history":[{"count":1,"href":"https:\/\/zielinet.com\/pl\/wp-json\/wp\/v2\/pages\/55\/revisions"}],"predecessor-version":[{"id":56,"href":"https:\/\/zielinet.com\/pl\/wp-json\/wp\/v2\/pages\/55\/revisions\/56"}],"up":[{"embeddable":true,"href":"https:\/\/zielinet.com\/pl\/wp-json\/wp\/v2\/pages\/51"}],"wp:attachment":[{"href":"https:\/\/zielinet.com\/pl\/wp-json\/wp\/v2\/media?parent=55"}],"curies":[{"name":"wp","href":"https:\/\/api.w.org\/{rel}","templated":true}]}}