{"id":51,"date":"2022-02-02T12:03:55","date_gmt":"2022-02-02T11:03:55","guid":{"rendered":"https:\/\/zielinet.com\/pl\/?page_id=51"},"modified":"2022-03-10T11:02:10","modified_gmt":"2022-03-10T10:02:10","slug":"o-firmie","status":"publish","type":"page","link":"https:\/\/zielinet.com\/pl\/o-firmie\/","title":{"rendered":"O firmie"},"content":{"rendered":"<p>Firma Zielinet powsta\u0142a w 2015 r.<\/p>\n<p>Podstawowym za\u0142o\u017ceniem powstania firmy by\u0142o stworzenie cyfrowego \u015brodowiska pracy zdalnej zdolnego do konkurowania na otwartym rynku w obszarze \u015bwiadczenia profesjonalnych us\u0142ug cyfrowych dla przedsi\u0119biorstw.<\/p>\n<p>Firma zosta\u0142a za\u0142o\u017cona przez osoby niewidome. Powstanie i rozw\u00f3j firmy zosta\u0142o w ca\u0142o\u015bci sfinansowane z prywatnego kapita\u0142u jej g\u0142\u00f3wnego za\u0142o\u017cyciela. Na potrzeby powstania i rozwoju firmy nie korzystali\u015bmy z publicznych dotacji i \u015brodk\u00f3w pomocowych. Jest to w 100% polski kapita\u0142.<\/p>\n<p>Obecnie Zielinet to dynamicznie rozwijaj\u0105ca si\u0119 firma internetowa. Stale rozwijamy nasze us\u0142ugi dostosowuj\u0105c ofert\u0119 do zmieniaj\u0105cych si\u0119 warunk\u00f3w rynkowych. Mamy do\u015bwiadczenie na rynkach mi\u0119dzynarodowych. Obs\u0142ugiwali\u015bmy klient\u00f3w z wielu kraj\u00f3w Europy i Azji. Naszymi klientami by\u0142y uznane \u015bwiatowe marki z sektora wysokich technologii.<\/p>\n<p>Zielinet \u0142\u0105czy w sobie ludzi nie boj\u0105cych si\u0119 nowych wyzwa\u0144, zaanga\u017cowanych w sw\u0105 prac\u0119 i rozw\u00f3j firmy, najnowsze rozwi\u0105zania technologiczne w zakresie us\u0142ug cyfrowych oraz stale rozwijane i testowane praktyczne zastosowania technik optymalizacji proces\u00f3w biznesowych z obszaru zdalnych us\u0142ug obs\u0142ugi klienta, wsparcia sprzeda\u017cy i marketingu.<\/p>\n<p>Naszym najwi\u0119kszym zasobem s\u0105 ludzie tworz\u0105cy zesp\u00f3\u0142 Zielinet, ich kreatywno\u015b\u0107, sta\u0142y rozw\u00f3j osobisty, umiej\u0119tno\u015bci i zdolno\u015b\u0107 uczenia si\u0119 oraz zaanga\u017cowanie w rozwi\u0105zywanie problem\u00f3w naszych klient\u00f3w. Cz\u0142onkowie zespo\u0142u Zielinet to ludzie wra\u017cliwi i zaanga\u017cowani spo\u0142ecznie, w wolnym czasie wspieraj\u0105cy organizacje pozarz\u0105dowe dzia\u0142aj\u0105ce na rzecz os\u00f3b zagro\u017conych wykluczeniem spo\u0142ecznym.<\/p>\n<p>Nasz\u0105 ambicj\u0105 jest zbudowanie silnej marki na rynku cyfrowych us\u0142ug dla biznesu. Chcemy budowa\u0107 i rozwija\u0107 bezpieczne cyfrowe \u015brodowisko pracy wspieraj\u0105ce innowator\u00f3w i pasjonat\u00f3w nowych technologii o ograniczonej mobilno\u015bci.<\/p>\n","protected":false},"excerpt":{"rendered":"<p>Firma Zielinet powsta\u0142a w 2015 r. Podstawowym za\u0142o\u017ceniem powstania firmy by\u0142o stworzenie cyfrowego \u015brodowiska pracy zdalnej zdolnego do konkurowania na otwartym rynku w obszarze \u015bwiadczenia profesjonalnych us\u0142ug cyfrowych dla przedsi\u0119biorstw. Firma zosta\u0142a za\u0142o\u017cona przez osoby niewidome. Powstanie i rozw\u00f3j firmy zosta\u0142o w ca\u0142o\u015bci sfinansowane z prywatnego kapita\u0142u jej g\u0142\u00f3wnego za\u0142o\u017cyciela. Na potrzeby powstania i rozwoju [&hellip;]<\/p>\n","protected":false},"author":1,"featured_media":0,"parent":0,"menu_order":1,"comment_status":"closed","ping_status":"closed","template":"","meta":{"footnotes":""},"class_list":["post-51","page","type-page","status-publish","hentry"],"_links":{"self":[{"href":"https:\/\/zielinet.com\/pl\/wp-json\/wp\/v2\/pages\/51","targetHints":{"allow":["GET"]}}],"collection":[{"href":"https:\/\/zielinet.com\/pl\/wp-json\/wp\/v2\/pages"}],"about":[{"href":"https:\/\/zielinet.com\/pl\/wp-json\/wp\/v2\/types\/page"}],"author":[{"embeddable":true,"href":"https:\/\/zielinet.com\/pl\/wp-json\/wp\/v2\/users\/1"}],"replies":[{"embeddable":true,"href":"https:\/\/zielinet.com\/pl\/wp-json\/wp\/v2\/comments?post=51"}],"version-history":[{"count":3,"href":"https:\/\/zielinet.com\/pl\/wp-json\/wp\/v2\/pages\/51\/revisions"}],"predecessor-version":[{"id":217,"href":"https:\/\/zielinet.com\/pl\/wp-json\/wp\/v2\/pages\/51\/revisions\/217"}],"wp:attachment":[{"href":"https:\/\/zielinet.com\/pl\/wp-json\/wp\/v2\/media?parent=51"}],"curies":[{"name":"wp","href":"https:\/\/api.w.org\/{rel}","templated":true}]}}