{"id":45,"date":"2022-02-02T11:14:40","date_gmt":"2022-02-02T10:14:40","guid":{"rendered":"https:\/\/zielinet.com\/pl\/?page_id=45"},"modified":"2024-01-09T14:02:40","modified_gmt":"2024-01-09T13:02:40","slug":"kontakt","status":"publish","type":"page","link":"https:\/\/zielinet.com\/pl\/kontakt\/","title":{"rendered":"Kontakt"},"content":{"rendered":"<h2>Napisz do nas<\/h2>\n\n<div class=\"wpcf7 no-js\" id=\"wpcf7-f44-o1\" lang=\"pl-PL\" dir=\"ltr\" data-wpcf7-id=\"44\">\n<div class=\"screen-reader-response\"><p role=\"status\" aria-live=\"polite\" aria-atomic=\"true\"><\/p> <ul><\/ul><\/div>\n<form action=\"\/pl\/wp-json\/wp\/v2\/pages\/45#wpcf7-f44-o1\" method=\"post\" class=\"wpcf7-form init\" aria-label=\"Formularz kontaktowy\" novalidate=\"novalidate\" data-status=\"init\">\n<fieldset class=\"hidden-fields-container\"><input type=\"hidden\" name=\"_wpcf7\" value=\"44\" \/><input type=\"hidden\" name=\"_wpcf7_version\" value=\"6.1.5\" \/><input type=\"hidden\" name=\"_wpcf7_locale\" value=\"pl_PL\" \/><input type=\"hidden\" name=\"_wpcf7_unit_tag\" value=\"wpcf7-f44-o1\" \/><input type=\"hidden\" name=\"_wpcf7_container_post\" value=\"0\" \/><input type=\"hidden\" name=\"_wpcf7_posted_data_hash\" value=\"\" \/><input type=\"hidden\" name=\"_wpcf7_recaptcha_response\" value=\"\" \/>\n<\/fieldset>\n<label1> Wybierz kategori\u0119 Twojej sprawy:\n\t<p><span class=\"wpcf7-form-control-wrap\" data-name=\"Tematkontaktu\"><select class=\"wpcf7-form-control wpcf7-select wpcf7-validates-as-required\" aria-required=\"true\" aria-invalid=\"false\" name=\"Tematkontaktu\"><option value=\"\">&#8212;Prosz\u0119 wybra\u0107 opcj\u0119&#8212;<\/option><option value=\"sekretariat\">sekretariat<\/option><option value=\"marketing\">marketing<\/option><option value=\"sprzeda\u017c\">sprzeda\u017c<\/option><option value=\"ksi\u0119gowo\u015b\u0107\">ksi\u0119gowo\u015b\u0107<\/option><option value=\"rekrutacja\">rekrutacja<\/option><option value=\"wsp\u00f3\u0142praca\">wsp\u00f3\u0142praca<\/option><\/select><\/span><br \/>\n\t\t<label2> Twoje imi\u0119 i nazwisko:\n <span class=\"wpcf7-form-control-wrap\" data-name=\"your-name\"><input size=\"40\" maxlength=\"400\" class=\"wpcf7-form-control wpcf7-text wpcf7-validates-as-required\" aria-required=\"true\" aria-invalid=\"false\" value=\"\" type=\"text\" name=\"your-name\" \/><\/span>\n\t\t\t<label3> Numer NIP Twojej firmy:\n<span class=\"wpcf7-form-control-wrap\" data-name=\"NIP\"><input class=\"wpcf7-form-control wpcf7-number wpcf7-validates-as-number\" min=\"0000000001\" max=\"9999999999\" aria-invalid=\"false\" value=\"\" type=\"number\" name=\"NIP\" \/><\/span>\n\t\t\t\t<label4> Tw\u00f3j numer telefonu:\n<span class=\"wpcf7-form-control-wrap\" data-name=\"Nrtelefonu\"><input size=\"40\" maxlength=\"400\" class=\"wpcf7-form-control wpcf7-tel wpcf7-text wpcf7-validates-as-tel\" aria-invalid=\"false\" placeholder=\"+48\" value=\"\" type=\"tel\" name=\"Nrtelefonu\" \/><\/span>\n\t\t\t\t\t<label5> Tw\u00f3j adres e-mail:\n <span class=\"wpcf7-form-control-wrap\" data-name=\"your-email\"><input size=\"40\" maxlength=\"400\" class=\"wpcf7-form-control wpcf7-email wpcf7-validates-as-required wpcf7-text wpcf7-validates-as-email\" aria-required=\"true\" aria-invalid=\"false\" value=\"\" type=\"email\" name=\"your-email\" \/><\/span>\n\t\t\t\t\t\t<label6> Temat:\n <span class=\"wpcf7-form-control-wrap\" data-name=\"your-subject\"><input size=\"40\" maxlength=\"400\" class=\"wpcf7-form-control wpcf7-text wpcf7-validates-as-required\" aria-required=\"true\" aria-invalid=\"false\" value=\"\" type=\"text\" name=\"your-subject\" \/><\/span> \n\n<label> Twoja wiadomo\u015b\u0107: (opcjonalne)<br \/>\n<span class=\"wpcf7-form-control-wrap\" data-name=\"your-message\"><textarea cols=\"40\" rows=\"10\" maxlength=\"2000\" class=\"wpcf7-form-control wpcf7-textarea\" aria-invalid=\"false\" name=\"your-message\"><\/textarea><\/span> <\/label>\n\n<span class=\"wpcf7-form-control-wrap\" data-name=\"Zgoda1\"><span class=\"wpcf7-form-control wpcf7-acceptance\"><span class=\"wpcf7-list-item\"><label><input type=\"checkbox\" name=\"Zgoda1\" value=\"1\" aria-invalid=\"false\" \/><span class=\"wpcf7-list-item-label\">Wyra\u017cam zgod\u0119 na otrzymywanie informacji marketingowych przez telefon od firmy ZIELINET Wojciech Zieli\u0144ski z siedzib\u0105 w Warszawie, 00-867, przy Al. Jana Paw\u0142a 27.<\/span><\/label><\/span><\/span><\/span>\n<span class=\"wpcf7-form-control-wrap\" data-name=\"Zgoda2\"><span class=\"wpcf7-form-control wpcf7-acceptance\"><span class=\"wpcf7-list-item\"><label><input type=\"checkbox\" name=\"Zgoda2\" value=\"1\" aria-invalid=\"false\" \/><span class=\"wpcf7-list-item-label\">Wyra\u017cam zgod\u0119 na otrzymywanie informacji handlowych drog\u0105 elektroniczn\u0105 pochodz\u0105cych od firmy ZIELINET Wojciech Zieli\u0144ski z siedzib\u0105 w Warszawie, 00-867, przy Al. Jana Paw\u0142a II 27.<\/span><\/label><\/span><\/span><\/span>\n\n<input class=\"wpcf7-form-control wpcf7-submit has-spinner\" type=\"submit\" value=\"Wy\u015blij\" \/>\n\t\t\t\t\t\t<\/label6>\n\t\t\t\t\t<\/label5>\n\t\t\t\t<\/label4>\n\t\t\t<\/label3>\n\t\t<\/label2>\n\t<\/p>\n<\/label1><p style=\"display: none !important;\" class=\"akismet-fields-container\" data-prefix=\"_wpcf7_ak_\"><label>&#916;<textarea name=\"_wpcf7_ak_hp_textarea\" cols=\"45\" rows=\"8\" maxlength=\"100\"><\/textarea><\/label><input type=\"hidden\" id=\"ak_js_1\" name=\"_wpcf7_ak_js\" value=\"250\"\/><script>document.getElementById( \"ak_js_1\" ).setAttribute( \"value\", ( new Date() ).getTime() );<\/script><\/p><div class=\"wpcf7-response-output\" aria-hidden=\"true\"><\/div>\n<\/form>\n<\/div>\n\n<h2>Centrum kontaktowe<\/h2>\n<p>tel. +48 222 438 448<br \/>\nfaks: +48\u00a0222\u00a0302\u00a0574<br \/>\ne-mail: kontakt@zielinet.pl<\/p>\n","protected":false},"excerpt":{"rendered":"<p>Napisz do nas Centrum kontaktowe tel. +48 222 438 448 faks: +48\u00a0222\u00a0302\u00a0574 e-mail: kontakt@zielinet.pl<\/p>\n","protected":false},"author":1,"featured_media":0,"parent":0,"menu_order":7,"comment_status":"closed","ping_status":"closed","template":"","meta":{"footnotes":""},"class_list":["post-45","page","type-page","status-publish","hentry"],"_links":{"self":[{"href":"https:\/\/zielinet.com\/pl\/wp-json\/wp\/v2\/pages\/45","targetHints":{"allow":["GET"]}}],"collection":[{"href":"https:\/\/zielinet.com\/pl\/wp-json\/wp\/v2\/pages"}],"about":[{"href":"https:\/\/zielinet.com\/pl\/wp-json\/wp\/v2\/types\/page"}],"author":[{"embeddable":true,"href":"https:\/\/zielinet.com\/pl\/wp-json\/wp\/v2\/users\/1"}],"replies":[{"embeddable":true,"href":"https:\/\/zielinet.com\/pl\/wp-json\/wp\/v2\/comments?post=45"}],"version-history":[{"count":7,"href":"https:\/\/zielinet.com\/pl\/wp-json\/wp\/v2\/pages\/45\/revisions"}],"predecessor-version":[{"id":526,"href":"https:\/\/zielinet.com\/pl\/wp-json\/wp\/v2\/pages\/45\/revisions\/526"}],"wp:attachment":[{"href":"https:\/\/zielinet.com\/pl\/wp-json\/wp\/v2\/media?parent=45"}],"curies":[{"name":"wp","href":"https:\/\/api.w.org\/{rel}","templated":true}]}}