{"id":26,"date":"2022-01-31T17:21:02","date_gmt":"2022-01-31T16:21:02","guid":{"rendered":"https:\/\/zielinet.com\/pl\/newsletter\/"},"modified":"2022-02-02T17:54:43","modified_gmt":"2022-02-02T16:54:43","slug":"newsletter","status":"publish","type":"page","link":"https:\/\/zielinet.com\/pl\/o-firmie\/newsletter\/","title":{"rendered":"Newsletter"},"content":{"rendered":"<p>Zach\u0119camy do rejestracji na li\u015bcie odbiorc\u00f3w naszego biuletynu informacyjnego.<\/p>\n<p>Je\u015bli pozostawisz nam sw\u00f3j adres e-mail b\u0119dziemy wysy\u0142a\u0107 do Ciebie inspiruj\u0105ce teksty bran\u017cowe publikowane w naszym serwisie. B\u0119dziesz tak\u017ce otrzymywa\u0107 informacje o naszych nowych us\u0142ugach i aktualnych promocjach<\/p>\n<p>Obiecujemy nie spamowa\u0107 Twojej skrzynki niechcianymi ofertami. Nie b\u0119dziemy tak\u017ce przekazywa\u0107 Twojego adresu e-mail innym podmiotom<\/p>\n<p>Je\u015bli otrzymywane od nas tre\u015bci nie b\u0119d\u0105 dla Ciebie interesuj\u0105ce zawsze mo\u017cesz nam o tym napisa\u0107 lub po prostu wypisa\u0107 si\u0119 z listy.<\/p>\n<p>Aby zapisa\u0107 si\u0119 do naszego newslettera zostaw nam poni\u017cej sw\u00f3j adres e-mail, a nast\u0119pnie post\u0119puj zgodnie z informacjami, kt\u00f3re otrzymasz na swoj\u0105 skrzynk\u0119.<\/p>\n<div class=\"tnp tnp-subscription \">\n<form method=\"post\" action=\"https:\/\/zielinet.com\/pl\/wp-admin\/admin-ajax.php?action=tnp&amp;na=s\">\n<input type=\"hidden\" name=\"nlang\" value=\"\">\n<div class=\"tnp-field tnp-field-email\"><label for=\"tnp-1\">Email<\/label>\n<input class=\"tnp-email\" type=\"email\" name=\"ne\" id=\"tnp-1\" value=\"\" placeholder=\"\" required><\/div>\n<div class=\"tnp-field tnp-field-button\" style=\"text-align: left\"><input class=\"tnp-submit\" type=\"submit\" value=\"Subskrybuj\" style=\"\">\n<\/div>\n<\/form>\n<\/div>\n\n","protected":false},"excerpt":{"rendered":"<p>Zach\u0119camy do rejestracji na li\u015bcie odbiorc\u00f3w naszego biuletynu informacyjnego. Je\u015bli pozostawisz nam sw\u00f3j adres e-mail b\u0119dziemy wysy\u0142a\u0107 do Ciebie inspiruj\u0105ce teksty bran\u017cowe publikowane w naszym serwisie. B\u0119dziesz tak\u017ce otrzymywa\u0107 informacje o naszych nowych us\u0142ugach i aktualnych promocjach Obiecujemy nie spamowa\u0107 Twojej skrzynki niechcianymi ofertami. Nie b\u0119dziemy tak\u017ce przekazywa\u0107 Twojego adresu e-mail innym podmiotom Je\u015bli otrzymywane [&hellip;]<\/p>\n","protected":false},"author":1,"featured_media":0,"parent":51,"menu_order":5,"comment_status":"closed","ping_status":"closed","template":"","meta":{"footnotes":""},"class_list":["post-26","page","type-page","status-publish","hentry"],"_links":{"self":[{"href":"https:\/\/zielinet.com\/pl\/wp-json\/wp\/v2\/pages\/26","targetHints":{"allow":["GET"]}}],"collection":[{"href":"https:\/\/zielinet.com\/pl\/wp-json\/wp\/v2\/pages"}],"about":[{"href":"https:\/\/zielinet.com\/pl\/wp-json\/wp\/v2\/types\/page"}],"author":[{"embeddable":true,"href":"https:\/\/zielinet.com\/pl\/wp-json\/wp\/v2\/users\/1"}],"replies":[{"embeddable":true,"href":"https:\/\/zielinet.com\/pl\/wp-json\/wp\/v2\/comments?post=26"}],"version-history":[{"count":2,"href":"https:\/\/zielinet.com\/pl\/wp-json\/wp\/v2\/pages\/26\/revisions"}],"predecessor-version":[{"id":153,"href":"https:\/\/zielinet.com\/pl\/wp-json\/wp\/v2\/pages\/26\/revisions\/153"}],"up":[{"embeddable":true,"href":"https:\/\/zielinet.com\/pl\/wp-json\/wp\/v2\/pages\/51"}],"wp:attachment":[{"href":"https:\/\/zielinet.com\/pl\/wp-json\/wp\/v2\/media?parent=26"}],"curies":[{"name":"wp","href":"https:\/\/api.w.org\/{rel}","templated":true}]}}