{"id":243,"date":"2022-03-16T23:47:11","date_gmt":"2022-03-16T22:47:11","guid":{"rendered":"https:\/\/zielinet.com\/pl\/members\/"},"modified":"2024-11-16T23:36:48","modified_gmt":"2024-11-16T22:36:48","slug":"members","status":"publish","type":"page","link":"https:\/\/zielinet.com\/pl\/members\/","title":{"rendered":"dost\u0119pne dla zalogowanych u\u017cytkownik\u00f3w"},"content":{"rendered":"Aby m\u00f3c przegl\u0105da\u0107 te tre\u015bci musisz zalogowa\u0107 si\u0119 na konto spo\u0142eczno\u015bci Zielinet. Je\u015bli nie posiadasz konta mo\u017cesz si\u0119 zarejestrowa\u0107 <a href=\"https:\/\/zielinet.com\/pl\/register\/\">tutaj<\/a>","protected":false},"excerpt":{"rendered":"","protected":false},"author":1,"featured_media":0,"parent":0,"menu_order":-4,"comment_status":"closed","ping_status":"closed","template":"","meta":{"footnotes":""},"class_list":["post-243","page","type-page","status-publish","hentry"],"_links":{"self":[{"href":"https:\/\/zielinet.com\/pl\/wp-json\/wp\/v2\/pages\/243","targetHints":{"allow":["GET"]}}],"collection":[{"href":"https:\/\/zielinet.com\/pl\/wp-json\/wp\/v2\/pages"}],"about":[{"href":"https:\/\/zielinet.com\/pl\/wp-json\/wp\/v2\/types\/page"}],"author":[{"embeddable":true,"href":"https:\/\/zielinet.com\/pl\/wp-json\/wp\/v2\/users\/1"}],"replies":[{"embeddable":true,"href":"https:\/\/zielinet.com\/pl\/wp-json\/wp\/v2\/comments?post=243"}],"version-history":[{"count":1,"href":"https:\/\/zielinet.com\/pl\/wp-json\/wp\/v2\/pages\/243\/revisions"}],"predecessor-version":[{"id":247,"href":"https:\/\/zielinet.com\/pl\/wp-json\/wp\/v2\/pages\/243\/revisions\/247"}],"wp:attachment":[{"href":"https:\/\/zielinet.com\/pl\/wp-json\/wp\/v2\/media?parent=243"}],"curies":[{"name":"wp","href":"https:\/\/api.w.org\/{rel}","templated":true}]}}