{"id":193,"date":"2022-03-08T21:10:01","date_gmt":"2022-03-08T20:10:01","guid":{"rendered":"https:\/\/zielinet.com\/pl\/?page_id=193"},"modified":"2022-04-12T13:42:14","modified_gmt":"2022-04-12T11:42:14","slug":"transkrypcje-nagran","status":"publish","type":"page","link":"https:\/\/zielinet.com\/pl\/uslugi\/transkrypcje-nagran\/","title":{"rendered":"Transkrypcje nagra\u0144"},"content":{"rendered":"<p>Oferujemy transkrypcj\u0119 nagra\u0144 cyfrowych z plik\u00f3w audio i video do formatu dokumentu tekstowego.<\/p>\n<p>Nasze transkrypcje standardowo obejmuj\u0105 stemple czasowe dla ka\u017cdej wypowiedzi oraz identyfikacj\u0119 rozm\u00f3wc\u00f3w.<br \/>\n<navi>\n<\/navi>\n<ul>\n<li><a href=\"#kategorie\">Kategorie nagra\u0144<\/a><\/li>\n<li><a href=\"#czas-realizacji\">Czas realizacji<\/a><\/li>\n<li><a href=\"#jakosc\">Jako\u015b\u0107 nagra\u0144<\/a><\/li>\n<li><a href=\"#jezyk\">J\u0119zyk transkrypcji<\/a><\/li>\n<li><a href=\"#koszt\">Ca\u0142kowity koszt us\u0142ugi<\/a><\/li>\n<li><a href=\"#zamowienie\">Sk\u0142adanie zam\u00f3wie\u0144<\/a><\/li>\n<\/ul>\n<h2><a name=\"kategorie\">Kategorie nagra\u0144<\/a><\/h2>\n<p>Dokonujemy transkrypcji nast\u0119puj\u0105cych rodzaj\u00f3w materia\u0142\u00f3w:<\/p>\n<ol>\n<li>nagrania s\u0105dowe<\/li>\n<ul>\n<li>rozprawy s\u0105dowe<\/li>\n<li>nagrania b\u0119d\u0105ce dowodem w sprawie<\/li>\n<\/ul>\n<li>nagrania urz\u0119dowe<\/li>\n<ul>\n<li>posiedzenia organ\u00f3w w\u0142adz samorz\u0105dowych<\/li>\n<li>wizje lokalne<\/li>\n<\/ul>\n<li>nagrania z bada\u0144 naukowych<\/li>\n<ul>\n<li>wywiady TDI<\/li>\n<li>wywiady IDI<\/li>\n<li>wywiady FGI<\/li>\n<\/ul>\n<li>materia\u0142y dziennikarskie<\/li>\n<li>nagrania edukacyjne i szkoleniowe<\/li>\n<ul>\n<li>podcasty<\/li>\n<li>szkolenia<\/li>\n<li>wyk\u0142ady<\/li>\n<li>webinaria<\/li>\n<li>konferencje<\/li>\n<\/ul>\n<p>nagrania spo\u0142eczno\u015bciowe<\/p>\n<ul>\n<li>filmy youtube<\/li>\n<li>filmy facebook<\/li>\n<li>filmy twitter<\/li>\n<\/ul>\n<li>nagrania prywatne<\/li>\n<ul>\n<li>notatki g\u0142osowe<\/li>\n<li>kazania<\/li>\n<li>nagrania prywatnych rozm\u00f3w<\/li>\n<\/ul>\n<\/ol>\n<h2><a name=\"czas-realizacji\">Czas realizacji<\/a><\/h2>\n<table>\n<tbody>\n<tr>\n<th>Kategoria czasu realizacji<\/th>\n<th>Czas realizacji<\/th>\n<th>Koszt<\/th>\n<\/tr>\n<tr>\n<td>standardowy<\/td>\n<td>do 5 dni roboczych<\/td>\n<td>100% ceny bazowej<\/td>\n<\/tr>\n<tr>\n<td>przyspieszony<\/td>\n<td>do 2 dni roboczych<\/td>\n<td>140% ceny bazowej<\/td>\n<\/tr>\n<tr>\n<td>ekspresowy<\/td>\n<td>1 dzie\u0144 roboczy<\/td>\n<td>180% ceny bazowej<\/td>\n<\/tr>\n<\/tbody>\n<\/table>\n<h2><a name=\"jakosc\">Jako\u015b\u0107 nagra\u0144<\/a><\/h2>\n<p>Wyr\u00f3\u017cniamy nast\u0119puj\u0105ce kategorie jako\u015bci nagra\u0144:<\/p>\n<ul>\n<li>dobra jako\u015b\u0107<\/li>\n<p>Nagranie w standardzie stereo lubwy\u017cszym. Wszyscy uczestnicy rozmowy dobrze s\u0142yszalni, brak niepo\u017c\u0105danych szum\u00f3w i d\u017awi\u0119k\u00f3w t\u0142a. Nagranie jest p\u0142ynne, bez ci\u0119\u0107 i zniekszta\u0142ce\u0144.<\/p>\n<li>\u015brednia jako\u015b\u0107<\/li>\n<p>Wszyscy uczestnicy rozmowy dobrze s\u0142yszalni. Brak ci\u0119\u0107 i zniekszta\u0142ce\u0144. Wyst\u0119puj\u0105 d\u017awi\u0119ki otoczenia lub mo\u017cliwe zmiany nat\u0119\u017cenia si\u0142y d\u017awi\u0119ku. Nak\u0142adaj\u0105ce si\u0119 jednoczesne g\u0142osy rozm\u00f3wc\u00f3w.<\/p>\n<li>s\u0142aba jako\u015b\u0107<\/li>\n<p>Zmienne lub s\u0142abe nat\u0119\u017cenie si\u0142y d\u017awi\u0119ku. Wyst\u0119puje zaszumienie lub silne d\u017awi\u0119ki otoczenia.<\/p>\n<li>z\u0142a jako\u015b\u0107<\/li>\n<p>Fragmenty nagrania nieczytelne, ca\u0142kowite zaszumienie, ci\u0119cia i zniekszta\u0142cenia d\u017awi\u0119ku.<\/p>\n<table>\n<tbody>\n<tr>\n<th>Jako\u015b\u0107 nagrania<\/th>\n<th>Koszt<\/th>\n<\/tr>\n<tr>\n<td>dobra jako\u015b\u0107<\/td>\n<td>100% ceny bazowej<\/td>\n<\/tr>\n<tr>\n<td>\u015brednia jako\u015b\u0107<\/td>\n<td>140% ceny bazowej<\/td>\n<\/tr>\n<tr>\n<td>s\u0142aba jako\u015b\u0107<\/td>\n<td>180% ceny bazowej<\/td>\n<\/tr>\n<tr>\n<td>z\u0142a jako\u015b\u0107<\/td>\n<td>220% ceny bazowej<\/td>\n<\/tr>\n<\/tbody>\n<\/table>\n<h2><a name=\"jezyk\">J\u0119zyk transkrypcji<\/a><\/h2>\n<p>Obecnie oferujemy transkrypcj\u0119 w nast\u0119puj\u0105cych j\u0119zykach:<\/p>\n<table>\n<tbody>\n<tr>\n<th>J\u0119zyk transkrypcji<\/th>\n<th>Koszt<\/th>\n<\/tr>\n<tr>\n<td>j\u0119zyk polski<\/td>\n<td>100% ceny bazowej<\/td>\n<\/tr>\n<tr>\n<td>j\u0119zyk angielski<\/td>\n<td>200% ceny bazowej<\/td>\n<\/tr>\n<tr>\n<td>j\u0119zyk niemiecki<\/td>\n<td>200% ceny bazowej<\/td>\n<\/tr>\n<tr>\n<td>j\u0119zyk ukrai\u0144ski<\/td>\n<td>100% ceny bazowej<\/td>\n<\/tr>\n<\/tbody>\n<\/table>\n<h2><a name=\"koszt\">Ca\u0142kowity koszt us\u0142ugi<\/a><\/h2>\n<p>Cena bazowa za 1 minut\u0119 nagrania wynosi 4 PLN netto.<\/p>\n<p>Na ca\u0142kowite koszty us\u0142ugi (CKU)sk\u0142adaj\u0105 si\u0119:<\/p>\n<ul>\n<li>CB &#8211; cena bazowa<\/li>\n<li>CN &#8211; czas nagrania w minutach<\/li>\n<li>CR &#8211; czas realizacji<\/li>\n<li>JN &#8211; jako\u015b\u0107 nagrania<\/li>\n<li>JT &#8211; j\u0119zyk transkrypcji<\/li>\n<\/ul>\n<p>Aby obliczy\u0107 ca\u0142kowity koszt us\u0142ugi mo\u017cna skorzysta\u0107 z poni\u017cszego kalkulatora.<br \/>\n\n<div class=\"ccb-main-widget \" id=\"ccb_app_280\" data-calc-id=\"280\"><\/div>\n<\/p>\n<h2><a name=\"zamowienie\">Sk\u0142adanie zam\u00f3wie\u0144<\/a><\/h2>\n<p>Proces sk\u0142adania zam\u00f3wie\u0144 jest nast\u0119puj\u0105cy:<\/p>\n<ol>\n<li>Wype\u0142nij poni\u017cszy formularz zg\u0142oszeniowy<\/li>\n<li>Po otrzymaniu Twojego zg\u0142oszenia dokonamy jego weryfikacji najp\u00f3\u017aniej w kolejnym dniu roboczym. Po zako\u0144czeniu weryfikacji otrzymasz od nas wiadomo\u015b\u0107 o jej statusie.<\/li>\n<li>Po pozytywnej weryfikacji otrzymasz potwierdzenie warunk\u00f3w realizacji us\u0142ugi oraz ca\u0142kowite koszty jej wykonania<\/li>\n<li>W przypadku niezgodno\u015bci danych zawartych w formularzu poinformujemy Ci\u0119 o statusie weryfikacji oraz wska\u017cemy warunki na jakich us\u0142uga mo\u017ce zosta\u0107 wykonana<\/li>\n<li>Po zatwierdzeniu przez Ciebie warunk\u00f3w realizacji us\u0142ugi otrzymasz od nas faktur\u0119 pro forma do dokonania p\u0142atno\u015bci. Je\u017celi oczekujesz p\u0142atno\u015bci z do\u0142u <a href=\"https:\/\/zielinet.com\/pl\/kontakt\">skontaktuj si\u0119 z nami<\/a> w celu zawarcia odr\u0119bnej umowy<\/li>\n<li>W przypadku braku potwierdzenia zam\u00f3wienia lub nieop\u0142acenia faktury pro forma po up\u0142ywie 7 dni od przedstawienia przez nas warunk\u00f3w przyj\u0119cia zam\u00f3wienia Twoje zg\u0142oszenie zostanie zamkni\u0119te, a wszystkie przes\u0142ane do nas pliki z nagraniami zostan\u0105 nieodwracalnie usuni\u0119te z naszych serwer\u00f3w<\/li>\n<li>Po potwierdzeniu przez Ciebie warunk\u00f3w zam\u00f3wienia i zaksi\u0119gowaniu przez nas Twojej p\u0142atno\u015bci poinformujemy Ci\u0119 o przyst\u0105pieniu do realizacji z\u0142o\u017conego przez Ciebie zam\u00f3wienia.<\/li>\n<li>W terminie okre\u015blonym w zam\u00f3wieniu prze\u015blemy na wskazany adres e-mail wykonan\u0105 transkrypcj\u0119<\/li>\n<li>W przypadku, gdy przesy\u0142ane nagrania b\u0119d\u0105 zawiera\u0107 dane wra\u017cliwe pliki z nagraniem przed ich przes\u0142aniem nale\u017cy zaszyfrowa\u0107. Je\u015bli nie wiesz jak to zrobi\u0107 <a href=\"https:\/\/zielinet.com\/pl\/kontakt\">skontaktuj si\u0119 z nami<\/a> Po otrzymaniu od Ciebie zaszyfrowanego pliku otrzymasz od nas wiadomo\u015b\u0107 z informacj\u0105 na jaki numer nale\u017cy przes\u0142a\u0107 SMS z has\u0142em do pliku<\/li>\n<li>W terminie 30 dni od otrzymania od nas wykonanej transkrypcji przys\u0142uguje Ci prawo do z\u0142o\u017cenia reklamacji. Po up\u0142ywie tego terminu lubzako\u0144czeniu procesu reklamacyjnego Twoje nagrania zostan\u0105 usuni\u0119te z naszych serwer\u00f3w<\/li>\n<li>Je\u015bli potrzebujesz sta\u0142ej obs\u0142ugi w zakresie transkrypcji nagra\u0144 zach\u0119camy do zapoznania si\u0119 z naszymi <a href=\"https:\/\/zielinet.com\/pl\/tag-produktu\/transkrypcje\/\">pakietami abonamentowymi<\/a><\/li>\n<\/ol>\n<p>\n<div class=\"wpcf7 no-js\" id=\"wpcf7-f208-o1\" lang=\"pl-PL\" dir=\"ltr\" data-wpcf7-id=\"208\">\n<div class=\"screen-reader-response\"><p role=\"status\" aria-live=\"polite\" aria-atomic=\"true\"><\/p> <ul><\/ul><\/div>\n<form action=\"\/pl\/wp-json\/wp\/v2\/pages\/193#wpcf7-f208-o1\" method=\"post\" class=\"wpcf7-form init\" aria-label=\"Formularz kontaktowy\" enctype=\"multipart\/form-data\" novalidate=\"novalidate\" data-status=\"init\">\n<fieldset class=\"hidden-fields-container\"><input type=\"hidden\" name=\"_wpcf7\" value=\"208\" \/><input type=\"hidden\" name=\"_wpcf7_version\" value=\"6.1.5\" \/><input type=\"hidden\" name=\"_wpcf7_locale\" value=\"pl_PL\" \/><input type=\"hidden\" name=\"_wpcf7_unit_tag\" value=\"wpcf7-f208-o1\" \/><input type=\"hidden\" name=\"_wpcf7_container_post\" value=\"0\" \/><input type=\"hidden\" name=\"_wpcf7_posted_data_hash\" value=\"\" \/><input type=\"hidden\" name=\"_wpcf7_recaptcha_response\" value=\"\" \/>\n<\/fieldset>\n<label1> Link do nagrania:\n\t<p><span class=\"wpcf7-form-control-wrap\" data-name=\"Link\"><input size=\"40\" maxlength=\"400\" class=\"wpcf7-form-control wpcf7-url wpcf7-text wpcf7-validates-as-url\" aria-invalid=\"false\" placeholder=\"tu wklej link\" value=\"\" type=\"url\" name=\"Link\" \/><\/span><br \/>\n\t\t<label2> Dodaj plik\n<span class=\"wpcf7-form-control-wrap\" data-name=\"nagranie\"><input size=\"40\" class=\"wpcf7-form-control wpcf7-file\" accept=\"audio\/*,video\/*,image\/*\" aria-invalid=\"false\" type=\"file\" name=\"nagranie\" \/><\/span>\n\t\t\t<label3> Czas nagrania w minutach:\n<span class=\"wpcf7-form-control-wrap\" data-name=\"Czas\"><input class=\"wpcf7-form-control wpcf7-number wpcf7-validates-as-required wpcf7-validates-as-number\" min=\"1\" max=\"10000\" aria-required=\"true\" aria-invalid=\"false\" placeholder=\"wpisz liczb\u0119 minut\" value=\"\" type=\"number\" name=\"Czas\" \/><\/span>\n\t\t\t\t<label4> Czas realizacji:\n<span class=\"wpcf7-form-control-wrap\" data-name=\"realizacja\"><span class=\"wpcf7-form-control wpcf7-radio\"><span class=\"wpcf7-list-item first\"><label><span class=\"wpcf7-list-item-label\">standardowy<\/span><input type=\"radio\" name=\"realizacja\" value=\"standardowy\" checked=\"checked\" \/><\/label><\/span><span class=\"wpcf7-list-item\"><label><span class=\"wpcf7-list-item-label\">przyspieszony<\/span><input type=\"radio\" name=\"realizacja\" value=\"przyspieszony\" \/><\/label><\/span><span class=\"wpcf7-list-item last\"><label><span class=\"wpcf7-list-item-label\">ekspresowy<\/span><input type=\"radio\" name=\"realizacja\" value=\"ekspresowy\" \/><\/label><\/span><\/span><\/span>\n\t\t\t\t\t<label5> Jako\u015b\u0107 nagrania\n<span class=\"wpcf7-form-control-wrap\" data-name=\"jakosc\"><select class=\"wpcf7-form-control wpcf7-select wpcf7-validates-as-required\" aria-required=\"true\" aria-invalid=\"false\" name=\"jakosc\"><option value=\"\">&#8212;Prosz\u0119 wybra\u0107 opcj\u0119&#8212;<\/option><option value=\"dobra\">dobra<\/option><option value=\"\u015brednia\">\u015brednia<\/option><option value=\"s\u0142aba\">s\u0142aba<\/option><option value=\"z\u0142a\">z\u0142a<\/option><\/select><\/span>\n\t\t\t\t\t\t<label6> J\u0119zyk transkrypcji\n<span class=\"wpcf7-form-control-wrap\" data-name=\"jezyk\"><select class=\"wpcf7-form-control wpcf7-select wpcf7-validates-as-required\" aria-required=\"true\" aria-invalid=\"false\" name=\"jezyk\"><option value=\"\">&#8212;Prosz\u0119 wybra\u0107 opcj\u0119&#8212;<\/option><option value=\"polski\">polski<\/option><option value=\"angielski\">angielski<\/option><option value=\"niemiecki\">niemiecki<\/option><option value=\"ukrai\u0144ski\">ukrai\u0144ski<\/option><\/select><\/span>\n\t\t\t\t\t\t\t<label7>Docelowy format pliku transkrypcji\n<span class=\"wpcf7-form-control-wrap\" data-name=\"format\"><span class=\"wpcf7-form-control wpcf7-radio\"><span class=\"wpcf7-list-item first\"><label><span class=\"wpcf7-list-item-label\">Dokument tekstowy (*.txt)<\/span><input type=\"radio\" name=\"format\" value=\"Dokument tekstowy (*.txt)\" checked=\"checked\" \/><\/label><\/span><span class=\"wpcf7-list-item\"><label><span class=\"wpcf7-list-item-label\">Dokument Microsoft Word (*.docx)<\/span><input type=\"radio\" name=\"format\" value=\"Dokument Microsoft Word (*.docx)\" \/><\/label><\/span><span class=\"wpcf7-list-item\"><label><span class=\"wpcf7-list-item-label\">Dokument PDF (*.pdf)<\/span><input type=\"radio\" name=\"format\" value=\"Dokument PDF (*.pdf)\" \/><\/label><\/span><span class=\"wpcf7-list-item last\"><label><span class=\"wpcf7-list-item-label\">Dokument HTML (*.htm)<\/span><input type=\"radio\" name=\"format\" value=\"Dokument HTML (*.htm)\" \/><\/label><\/span><\/span><\/span>\n\t\t\t\t\t\t\t\t<label8> Uwagi dodatkowe(opcjonalne)\n<span class=\"wpcf7-form-control-wrap\" data-name=\"uwagi\"><textarea cols=\"40\" rows=\"10\" maxlength=\"2000\" class=\"wpcf7-form-control wpcf7-textarea\" aria-invalid=\"false\" name=\"uwagi\"><\/textarea><\/span>\n\t\t\t\t\t\t\t\t\t<label9> Imi\u0119 i nazwisko:\n<span class=\"wpcf7-form-control-wrap\" data-name=\"klient\"><input size=\"40\" maxlength=\"400\" class=\"wpcf7-form-control wpcf7-text wpcf7-validates-as-required\" aria-required=\"true\" aria-invalid=\"false\" value=\"\" type=\"text\" name=\"klient\" \/><\/span>\n\t\t\t\t\t\t\t\t\t\t<label10> Nazwa firmy:\n<span class=\"wpcf7-form-control-wrap\" data-name=\"firma\"><input size=\"40\" maxlength=\"400\" class=\"wpcf7-form-control wpcf7-text\" aria-invalid=\"false\" value=\"\" type=\"text\" name=\"firma\" \/><\/span>\n\t\t\t\t\t\t\t\t\t\t\t<label11> Numer NIP:\n<span class=\"wpcf7-form-control-wrap\" data-name=\"NIP\"><input class=\"wpcf7-form-control wpcf7-number wpcf7-validates-as-number\" min=\"1000000000\" max=\"9999999999\" aria-invalid=\"false\" placeholder=\"xxxxxxxxxx\" value=\"\" type=\"number\" name=\"NIP\" \/><\/span>\n\t\t\t\t\t\t\t\t\t\t\t\t<label12> Adres (ulica, nr domu, nr lokalu)\n<span class=\"wpcf7-form-control-wrap\" data-name=\"ulica\"><input size=\"40\" maxlength=\"400\" class=\"wpcf7-form-control wpcf7-text wpcf7-validates-as-required\" aria-required=\"true\" aria-invalid=\"false\" placeholder=\"wpisz tu sw\u00f3j adres\" value=\"\" type=\"text\" name=\"ulica\" \/><\/span>\n\t\t\t\t\t\t\t\t\t\t\t\t\t<label13> Kod pocztowy:\n<span class=\"wpcf7-form-control-wrap\" data-name=\"kod\"><input size=\"40\" maxlength=\"400\" class=\"wpcf7-form-control wpcf7-text wpcf7-validates-as-required\" aria-required=\"true\" aria-invalid=\"false\" value=\"\" type=\"text\" name=\"kod\" \/><\/span> placeholder \"xx-xxx\"]\n\t\t\t\t\t\t\t\t\t\t\t\t\t\t<label14> Miejscowo\u015b\u0107:\n<span class=\"wpcf7-form-control-wrap\" data-name=\"miejscowosc\"><input size=\"40\" maxlength=\"400\" class=\"wpcf7-form-control wpcf7-text wpcf7-validates-as-required\" aria-required=\"true\" aria-invalid=\"false\" value=\"\" type=\"text\" name=\"miejscowosc\" \/><\/span>\n\t\t\t\t\t\t\t\t\t\t\t\t\t\t\t<label15> Nr telefonu:\n<span class=\"wpcf7-form-control-wrap\" data-name=\"telefon\"><input size=\"40\" maxlength=\"400\" class=\"wpcf7-form-control wpcf7-tel wpcf7-text wpcf7-validates-as-tel\" aria-invalid=\"false\" value=\"\" type=\"tel\" name=\"telefon\" \/><\/span> placeholder \"+48xxxxxxxxx\"]\n\t\t\t\t\t\t\t\t\t\t\t\t\t\t\t\t<label16> Adres e-mail:\n<span class=\"wpcf7-form-control-wrap\" data-name=\"e-mail\"><input size=\"40\" maxlength=\"400\" class=\"wpcf7-form-control wpcf7-email wpcf7-validates-as-required wpcf7-text wpcf7-validates-as-email\" aria-required=\"true\" aria-invalid=\"false\" placeholder=\"jan@kowalski.pl\" value=\"\" type=\"email\" name=\"e-mail\" \/><\/span>\n<span class=\"wpcf7-form-control-wrap\" data-name=\"Zgoda1\"><span class=\"wpcf7-form-control wpcf7-acceptance\"><span class=\"wpcf7-list-item\"><label><input type=\"checkbox\" name=\"Zgoda1\" value=\"1\" aria-invalid=\"false\" \/><span class=\"wpcf7-list-item-label\">Wyra\u017cam zgod\u0119 na przetwarzanie moich danych osobowych podanych w formularzu zg\u0142oszeniowym przez firm\u0119 Zielinet z siedzib\u0105 w Warszawie, 00-867, przy Al. Jana Paw\u0142a II 27 dla cel\u00f3w weryfikacji i realizacji zamawianej us\u0142ugi.<\/span><\/label><\/span><\/span><\/span>\n<input class=\"wpcf7-form-control wpcf7-submit has-spinner\" type=\"submit\" value=\"Wy\u015blij zg\u0142oszenie\" \/>\n\t\t\t\t\t\t\t\t\t\t\t\t\t\t\t\t<\/label16>\n\t\t\t\t\t\t\t\t\t\t\t\t\t\t\t<\/label15>\n\t\t\t\t\t\t\t\t\t\t\t\t\t\t<\/label14>\n\t\t\t\t\t\t\t\t\t\t\t\t\t<\/label13>\n\t\t\t\t\t\t\t\t\t\t\t\t<\/label12>\n\t\t\t\t\t\t\t\t\t\t\t<\/label11>\n\t\t\t\t\t\t\t\t\t\t<\/label10>\n\t\t\t\t\t\t\t\t\t<\/label9>\n\t\t\t\t\t\t\t\t<\/label8>\n\t\t\t\t\t\t\t<\/label7>\n\t\t\t\t\t\t<\/label6>\n\t\t\t\t\t<\/label5>\n\t\t\t\t<\/label4>\n\t\t\t<\/label3>\n\t\t<\/label2>\n\t<\/p>\n<\/label1><p style=\"display: none !important;\" class=\"akismet-fields-container\" data-prefix=\"_wpcf7_ak_\"><label>&#916;<textarea name=\"_wpcf7_ak_hp_textarea\" cols=\"45\" rows=\"8\" maxlength=\"100\"><\/textarea><\/label><input type=\"hidden\" id=\"ak_js_1\" name=\"_wpcf7_ak_js\" value=\"43\"\/><script>document.getElementById( \"ak_js_1\" ).setAttribute( \"value\", ( new Date() ).getTime() );<\/script><\/p><div class=\"wpcf7-response-output\" aria-hidden=\"true\"><\/div>\n<\/form>\n<\/div>\n<\/ul>\n","protected":false},"excerpt":{"rendered":"<p>Oferujemy transkrypcj\u0119 nagra\u0144 cyfrowych z plik\u00f3w audio i video do formatu dokumentu tekstowego. Nasze transkrypcje standardowo obejmuj\u0105 stemple czasowe dla ka\u017cdej wypowiedzi oraz identyfikacj\u0119 rozm\u00f3wc\u00f3w. Kategorie nagra\u0144 Czas realizacji Jako\u015b\u0107 nagra\u0144 J\u0119zyk transkrypcji Ca\u0142kowity koszt us\u0142ugi Sk\u0142adanie zam\u00f3wie\u0144 Kategorie nagra\u0144 Dokonujemy transkrypcji nast\u0119puj\u0105cych rodzaj\u00f3w materia\u0142\u00f3w: nagrania s\u0105dowe rozprawy s\u0105dowe nagrania b\u0119d\u0105ce dowodem w sprawie nagrania [&hellip;]<\/p>\n","protected":false},"author":1,"featured_media":0,"parent":114,"menu_order":4,"comment_status":"closed","ping_status":"closed","template":"","meta":{"footnotes":""},"class_list":["post-193","page","type-page","status-publish","hentry"],"_links":{"self":[{"href":"https:\/\/zielinet.com\/pl\/wp-json\/wp\/v2\/pages\/193","targetHints":{"allow":["GET"]}}],"collection":[{"href":"https:\/\/zielinet.com\/pl\/wp-json\/wp\/v2\/pages"}],"about":[{"href":"https:\/\/zielinet.com\/pl\/wp-json\/wp\/v2\/types\/page"}],"author":[{"embeddable":true,"href":"https:\/\/zielinet.com\/pl\/wp-json\/wp\/v2\/users\/1"}],"replies":[{"embeddable":true,"href":"https:\/\/zielinet.com\/pl\/wp-json\/wp\/v2\/comments?post=193"}],"version-history":[{"count":19,"href":"https:\/\/zielinet.com\/pl\/wp-json\/wp\/v2\/pages\/193\/revisions"}],"predecessor-version":[{"id":291,"href":"https:\/\/zielinet.com\/pl\/wp-json\/wp\/v2\/pages\/193\/revisions\/291"}],"up":[{"embeddable":true,"href":"https:\/\/zielinet.com\/pl\/wp-json\/wp\/v2\/pages\/114"}],"wp:attachment":[{"href":"https:\/\/zielinet.com\/pl\/wp-json\/wp\/v2\/media?parent=193"}],"curies":[{"name":"wp","href":"https:\/\/api.w.org\/{rel}","templated":true}]}}