{"id":16,"date":"2022-01-30T19:57:14","date_gmt":"2022-01-30T18:57:14","guid":{"rendered":"https:\/\/zielinet.com\/pl\/?page_id=16"},"modified":"2025-11-18T20:00:50","modified_gmt":"2025-11-18T19:00:50","slug":"start","status":"publish","type":"page","link":"https:\/\/zielinet.com\/pl\/","title":{"rendered":"Integrujemy technologie i ludzi, buduj\u0105c Tw\u00f3j silnik wzrostu"},"content":{"rendered":"\n<h2 class=\"wp-block-heading\">Witamy w Zielinet<\/h2>\n\n\n\n<p>Od 2015 r. tworzymy cyfrowe \u015brodowisko pracy dla wykonywania zdalnych us\u0142ug cyfrowych dla biznesu. \u015awiadczymy us\u0142ugi biznesowe z zakresu marketingu bezpo\u015bredniego, wsparcia sprzeda\u017cy on-line oraz wielokana\u0142owej obs\u0142ugi klienta. <\/p>\n\n\n\n<h3 class=\"wp-block-heading\">Co zyskujesz korzystaj\u0105c z naszych us\u0142ug<\/h3>\n\n\n\n<ul class=\"wp-block-list\">\n<li>obiektywn\u0105 informacj\u0119 o potrzebach Twoich klient\u00f3w<\/li>\n\n\n\n<li>ocen\u0119 poziomu znajomo\u015bci Twojej marki oraz oferty w\u015br\u00f3d potencjalnych klient\u00f3w<\/li>\n\n\n\n<li>powody braku zainteresowania ofert\u0105 lub porzucania koszyk\u00f3w zakupowych<\/li>\n\n\n\n<li>ustandaryzowan\u0105 obs\u0142ug\u0119 Twoich klient\u00f3w na wybranych kana\u0142ach komunikacji o ustalonym poziomie dost\u0119pno\u015bci us\u0142ugi<\/li>\n\n\n\n<li>sta\u0142y monitoring poziomu satysfakcji Twoich klient\u00f3w<\/li>\n\n\n\n<li>monitoring \u015bcie\u017cek zakupowych Twoich klient\u00f3w oraz identyfikacja tzw. &#8220;w\u0105skich garde\u0142&#8221;<\/li>\n\n\n\n<li>monitoring p\u0142atno\u015bci odroczonych<\/li>\n\n\n\n<li>wsparcie proces\u00f3w sprzeda\u017cy przy ewidencjonowaniu i archiwizacji dokumentacji elektronicznej<\/li>\n<\/ul>\n\n\n\n<p>Zapraszamy do wsp\u00f3\u0142pracy i korzystania z naszych us\u0142ug.<br>\n<a href=\"https:\/\/zielinet.com\/pl\/kontakt\">Zapytaj o ofert\u0119<\/a><\/p>\n\n\n\n<h2 class=\"wp-block-heading\"> <img decoding=\"async\" class=\"wp-image-130\" style=\"width: 88px;\" src=\"https:\/\/zielinet.com\/wp-content\/uploads\/2021\/10\/help-icon.png\" alt=\"Dwie d\u0142onie podaj\u0105ce sobie cze\u015b\u0107\">Obs\u0142uga klienta<\/h2>\n\n\n\n<ul class=\"wp-block-list\">\n<li>odbieranie po\u0142\u0105cze\u0144 telefonicznych<\/li>\n\n\n\n<li>udzielanie informacji<\/li>\n\n\n\n<li>obs\u0142uge korespondencji mailowej i SMS-owej<\/li>\n\n\n\n<li>obs\u0142ug\u0119 komunikacji z klientami w portalach spo\u0142eczno\u015bciowych<\/li>\n\n\n\n<li>infolinie produktowe<\/li>\n\n\n\n<li>rejestracj\u0119 zg\u0142osze\u0144 oraz nadawanie im status\u00f3w i przekazywanie do odpowiednich dzia\u0142\u00f3w firmy<\/li>\n\n\n\n<li>przyjmowanie i rejestracja reklamacji<\/li>\n<\/ul>\n\n\n\n<p>Us\u0142uga jest realizowana zgodnie z przyj\u0119tym w ramach umowy ze Zleceniodawc\u0105 poziomem dost\u0119pno\u015bci us\u0142ugi (SLA &#8211; Service Level Agreement).<br>\n<a href=\"https:\/\/zielinet.com\/pl\/kontakt\">Zapytaj o ofert\u0119<\/a><\/p>\n\n\n\n<h2 class=\"wp-block-heading\"><img decoding=\"async\" class=\"wp-image-129\" style=\"width: 78px;\" src=\"https:\/\/zielinet.com\/wp-content\/uploads\/2021\/10\/back-office-icon.png\" alt=\"Osoba siedz\u0105ca przy biurku z laptopem\"> Back Office<\/h2>\n\n\n<ol>W zakresie u\u0142sug biurowych oferujemy:\n<li><b>wirtualny asystent\/ka<\/b><\/li>\n<\/ol>\n<p>W ramach tej us\u0142ugi oferujemy: <\/p>\n<ul>\n<li>przygotowywanie opracowa\u0144 i zestawie\u0144<\/li>\n<li>przygotowywanie prezentacji<\/li>\n<li>wyszukiwanie i analiza informacji w internecie<\/li>\n<li>weryfikacja kontrahent\u00f3w w publicznych bazach i rejestrach<\/li>\n<li>wystawianie faktur<\/li>\n<li>prowadzenie kalendarza spotka\u0144<\/li>\n<\/ul>\n<li><b>transkrypcje nagra\u0144 cyfrowych<\/b><\/li>\n<p>Oferujemy  us\u0142ug\u0119 polegaj\u0105c\u0105 na transkrypcie materia\u0142\u00f3w d\u017awi\u0119kowych z nagranych spotka\u0144, konferencji, wyk\u0142ad\u00f3w, czy posiedze\u0144 do dokumentu tekstowego w wybranym przez Klienta formacie. <\/p>\n<li><b>tworzenie d\u017awi\u0119kowych materia\u0142\u00f3w cyfrowych<\/b><\/li>\n<p>Oferujemy mo\u017cliwo\u015b\u0107 stworzenia materia\u0142u d\u017awi\u0119kowego zawieraj\u0105cego odczyt dowolnych tre\u015bci tekstowych, np. notatek lub materia\u0142\u00f3w szkoleniowych  przy u\u017cyciu g\u0142osu syntetycznego. <\/p>\n<\/ol>\n\n\n<p><a href=\"https:\/\/zielinet.com\/pl\/kontakt\">Zapytaj o ofert\u0119<\/a><\/p>\n\n\n\n<h3 class=\"wp-block-heading\"><img decoding=\"async\" class=\"wp-image-133\" style=\"width: 78px;\" src=\"https:\/\/zielinet.com\/wp-content\/uploads\/2021\/10\/programs-icon.png\" alt=\"Tarcza w tarczy zaznaczenie znaku pozytywnie\"> Monitoring p\u0142atno\u015bci<\/h3>\n\n\n\n<p>Zatory p\u0142atnicze b\u0119d\u0105ce efektem nieterminowego op\u0142acania faktur przez kontrahent\u00f3w nios\u0105 za sob\u0105 ryzyko utraty p\u0142ynno\u015bci finansowej i ograniczenia mo\u017cliwo\u015bci prowadzenia bie\u017c\u0105cej dzia\u0142alno\u015bci operacyjnej. Firma ZIELINET oferuje swoim klientom us\u0142ug\u0119 polegaj\u0105c\u0105 na weryfikacji klient\u00f3w w publicznych rejestrach, w tym w biurach informacji gospodarczej, oceny ich zdolno\u015bci kredytowej oraz monitoring nale\u017cno\u015bci. W ramach monitoringu wysy\u0142ane s\u0105 do kontrahent\u00f3w Zleceniodawcy przypomnienia o zbli\u017caj\u0105cym si\u0119 oraz zapad\u0142ym terminie p\u0142atno\u015bci.\n\n\n\n<ul class=\"wp-block-list\">Us\u0142ugi windykacyjne polegaj\u0105 w szczeg\u00f3lno\u015bci na:\n<li>kontaktach telefonicznych z d\u0142u\u017cnikami w celu ustalenia terminu sp\u0142aty nale\u017cno\u015bci<\/li>\n<li>wysy\u0142aniu elektronicznych przypomnie\u0144 o konieczno\u015bci dokonania sp\u0142aty nale\u017cno\u015bci<\/li>\n<li>wysy\u0142aniu wezwa\u0144 do zap\u0142aty<\/li>\n<li>sporz\u0105dzaniu i wysy\u0142ce pozw\u00f3w do e-s\u0105du<\/li>\n<\/ul><br>\n\n\n\n<a href=\"https:\/\/zielinet.com\/pl\/kontakt\">Zapytaj o ofert\u0119<\/a><\/p>\n\n\n\n<h3 class=\"wp-block-heading\"><img decoding=\"async\" class=\"wp-image-131\" style=\"width: 78px;\" src=\"https:\/\/zielinet.com\/wp-content\/uploads\/2021\/10\/make-donation-icon.png\" alt=\"W \u015brodku ko\u0142a posta\u0107 z mikrofonem - telemarketer\"> Marketing bezpo\u015bredni<\/h3>\n\n\n\n<p>Us\u0142ugi marketingu bezpo\u015bredniego s\u0105 realizowane w ramach poni\u017cszych typ\u00f3w kampanii: <\/p>\n\n\n\n<ul class=\"wp-block-list\">\n<li>kampanie telefoniczne w ruchu wychodz\u0105cym (outbound)<\/li>\n\n\n\n<li>kampanie telefoniczne w ruchu przychodz\u0105cym (inbound)<\/li>\n\n\n\n<li>kampanie telefoniczne mieszane (outbound + inbound)<\/li>\n\n\n\n<li>kampanie mailingowe<\/li>\n\n\n\n<li>kampanie SMS<\/li>\n<\/ul>\n\n\n\n<ul class=\"wp-block-list\">Realizowane cele kampanii:\n<li>generowanie lead\u00f3w<\/li>\n<li>umawianie spotka\u0144 biznesowych<\/li>\n<li>telesprzeda\u017c<\/li>\n<li>posprzeda\u017cowe badanie satysfakcji klienta<\/li>\n<\/ul><br>\n\n\n\n<p><a href=\"https:\/\/zielinet.com\/pl\/kontakt\">Zapytaj o ofert\u0119<\/a><\/p>\n\n\n\n<h3 class=\"wp-block-heading\">Nagrody i wyr\u00f3\u017cnienia<\/h3>\n\n\n\n<p><a href=\"http:\/\/www.firmy.net\/telemarketing\/zielinet,S6M59.html\" target=\"_blank\" rel=\"noopener\"><img decoding=\"async\" src=\"\/\/imgx.firmy.net\/firmaPrzyjaznaInternautom.img?S6M59\" style=\"width:210px;height:86px\" alt=\"ZIELINET Wojciech Zieli\u0144ski\"><\/a><\/p>\n\n\n\n<p><img decoding=\"async\" src=\"https:\/\/zielinet.com\/wp-content\/uploads\/2021\/10\/badge-2021-500x500-raw.png\" alt=\"Zielinet wyr\u00f3\u017cniony tytu\u0142em Najlepsi 2021\"><\/a>\nMi\u0142o nam poinformowa\u0107, \u017ce otrzymali\u015bmy nagrod\u0119 Najlepsi 2021 za znakomite opinie od naszych Klient\u00f3w. Dzi\u0119kujemy za uznanie. <\/p>\n\n\n\n<h3 class=\"wp-block-heading\">Opinie naszych klient\u00f3w<\/h3>\n\n\n\n<h4 class=\"wp-block-heading\">Rafa\u0142 Gucman &#8211; dyrektor handlowy Kompass Poland Sp. z o.o.<\/h4>\n\n\n\n<p>Nie mamy \u017cadnych zastrze\u017ce\u0144 dotycz\u0105cych wsp\u00f3\u0142pracy i rekomendujemy firm\u0119 Zielinet jako rzetelnego wykonawc\u0119.<\/p>\n\n\n\n<h4 class=\"wp-block-heading\">Krzysztof M\u0142ynarczyk &#8211; pe\u0142nomocnik Lepszy biznes<\/h4>\n\n\n\n<p>Jako firma z czystym sumieniem mo\u017cemy wystawi\u0107 pozytywn\u0105 rekomendacj\u0119 dla powy\u017cszego Kontrahenta. <\/p>\n\n\n\n<h4 class=\"wp-block-heading\">Profi Money<\/h4>\n\n\n\n<p>Firm\u0119 Zielinet okre\u015blamy jako wiarygodn\u0105 i terminow\u0105. <\/p>\n\n\n\n<h3 class=\"wp-block-heading\">Nasze media spo\u0142eczno\u015bciowe<\/h3>\n\n\n<table>\n<tbody>\n<tr>\n<td>\n<p><script src=\"\/\/platform.linkedin.com\/in.js\" type=\"text\/javascript\"> lang: pl_PL<\/script><br>\n<script type=\"IN\/FollowCompany\" data-id=\"18319350\" data-counter=\"right\"><\/script><\/p>\n<\/td>\n<td>\n<div alt=\"Przycisk facebook lubie to\" data-href=\"https:\/\/facebook.com\/zielinet\" data-layout=\"button\" data-show-faces=\"true\" data-share=\"false\" class=\"fb-like fb_iframe_widget\" fb-xfbml-state=\"rendered\" fb-iframe-plugin-query=\"app_id=113869198637480&amp;container_width=614&amp;href=https%3A%2F%2Ffacebook.com%2Fzielinet&amp;layout=button&amp;locale=en_US&amp;sdk=joey&amp;share=false&amp;show_faces=true\"><span style=\"vertical-align: bottom; width: 76px; height: 20px;\"><iframe loading=\"lazy\" name=\"f226163f40f6ce\" allowtransparency=\"true\" allowfullscreen=\"true\" scrolling=\"no\" title=\"fb:like Facebook Social Plugin\" class=\"\" src=\"https:\/\/www.facebook.com\/v2.10\/plugins\/like.php?app_id=113869198637480&amp;channel=https%3A%2F%2Fstaticxx.facebook.com%2Fconnect%2Fxd_arbiter%2Fr%2FhsBwMj6iLmk.js%3Fversion%3D42%23cb%3Df201c75b7b47218%26domain%3Ddevelopers.facebook.com%26origin%3Dhttps%253A%252F%252Fdevelopers.facebook.com%252Ff29694c5ed8839c%26relation%3Dparent.parent&amp;container_width=614&amp;href=https%3A%2F%2Ffacebook.com%2Fzielinet&amp;layout=button&amp;locale=pl_PL&amp;sdk=joey&amp;share=false&amp;show_faces=true\" style=\"border: medium none; visibility: visible; width: 76px; height: 20px;\" height=\"1000px\" frameborder=\"0\" width=\"1000px\"><\/iframe><\/span><\/div>\n<\/td>\n<\/tr>\n<\/tbody>\n<\/table>","protected":false},"excerpt":{"rendered":"<p>Witamy w Zielinet Od 2015 r. tworzymy cyfrowe \u015brodowisko pracy dla wykonywania zdalnych us\u0142ug cyfrowych dla biznesu. \u015awiadczymy us\u0142ugi biznesowe z zakresu marketingu bezpo\u015bredniego, wsparcia sprzeda\u017cy on-line oraz wielokana\u0142owej obs\u0142ugi klienta. Co zyskujesz korzystaj\u0105c z naszych us\u0142ug Zapraszamy do wsp\u00f3\u0142pracy i korzystania z naszych us\u0142ug. Zapytaj o ofert\u0119 Obs\u0142uga klienta Us\u0142uga jest realizowana zgodnie z [&hellip;]<\/p>\n","protected":false},"author":1,"featured_media":0,"parent":0,"menu_order":0,"comment_status":"closed","ping_status":"closed","template":"","meta":{"footnotes":""},"class_list":["post-16","page","type-page","status-publish","hentry"],"_links":{"self":[{"href":"https:\/\/zielinet.com\/pl\/wp-json\/wp\/v2\/pages\/16","targetHints":{"allow":["GET"]}}],"collection":[{"href":"https:\/\/zielinet.com\/pl\/wp-json\/wp\/v2\/pages"}],"about":[{"href":"https:\/\/zielinet.com\/pl\/wp-json\/wp\/v2\/types\/page"}],"author":[{"embeddable":true,"href":"https:\/\/zielinet.com\/pl\/wp-json\/wp\/v2\/users\/1"}],"replies":[{"embeddable":true,"href":"https:\/\/zielinet.com\/pl\/wp-json\/wp\/v2\/comments?post=16"}],"version-history":[{"count":27,"href":"https:\/\/zielinet.com\/pl\/wp-json\/wp\/v2\/pages\/16\/revisions"}],"predecessor-version":[{"id":598,"href":"https:\/\/zielinet.com\/pl\/wp-json\/wp\/v2\/pages\/16\/revisions\/598"}],"wp:attachment":[{"href":"https:\/\/zielinet.com\/pl\/wp-json\/wp\/v2\/media?parent=16"}],"curies":[{"name":"wp","href":"https:\/\/api.w.org\/{rel}","templated":true}]}}